{"id":919,"date":"2025-08-26T14:01:44","date_gmt":"2025-08-26T14:01:44","guid":{"rendered":"https:\/\/iwa-org.com\/?page_id=919"},"modified":"2025-12-07T15:34:30","modified_gmt":"2025-12-07T15:34:30","slug":"programme-de-mentorat","status":"publish","type":"page","link":"https:\/\/iwa-org.com\/en\/initiatives-phares\/programme-de-mentorat\/","title":{"rendered":"Mentoring Program"},"content":{"rendered":"<div data-elementor-type=\"wp-page\" data-elementor-id=\"919\" class=\"elementor elementor-919\" data-elementor-post-type=\"page\">\n\t\t\t\t<div class=\"elementor-element elementor-element-c48948d e-flex e-con-boxed e-con e-parent\" data-id=\"c48948d\" data-element_type=\"container\" data-settings=\"{&quot;background_background&quot;:&quot;classic&quot;}\">\n\t\t\t\t\t<div class=\"e-con-inner\">\n\t\t<div class=\"elementor-element elementor-element-78f3164 e-con-full e-flex e-con e-child\" data-id=\"78f3164\" data-element_type=\"container\">\n\t\t\t\t<div class=\"elementor-element elementor-element-13080f5 elementor-widget elementor-widget-heading\" data-id=\"13080f5\" data-element_type=\"widget\" data-widget_type=\"heading.default\">\n\t\t\t\t\t<h1 class=\"elementor-heading-title elementor-size-default\">Mentoring Program<\/h1>\t\t\t\t<\/div>\n\t\t\t\t<div class=\"elementor-element elementor-element-de44df6 iwa-breadcumb elementor-widget elementor-widget-shortcode\" data-id=\"de44df6\" data-element_type=\"widget\" data-widget_type=\"shortcode.default\">\n\t\t\t\t\t\t\t<div class=\"elementor-shortcode\"><nav aria-label=\"breadcrumbs\" class=\"rank-math-breadcrumb\"><p><span class=\"last\">Home<\/span><\/p><\/nav><\/div>\n\t\t\t\t\t\t<\/div>\n\t\t\t\t<\/div>\n\t\t\t\t\t<\/div>\n\t\t\t\t<\/div>\n\t\t<div class=\"elementor-element elementor-element-288dbbe e-flex e-con-boxed e-con e-parent\" data-id=\"288dbbe\" data-element_type=\"container\">\n\t\t\t\t\t<div class=\"e-con-inner\">\n\t\t<div class=\"elementor-element elementor-element-bd73c81 e-con-full elementor-hidden-desktop elementor-hidden-tablet elementor-hidden-mobile e-flex e-con e-child\" data-id=\"bd73c81\" data-element_type=\"container\">\n\t\t<div class=\"elementor-element elementor-element-d019868 e-con-full e-flex e-con e-child\" data-id=\"d019868\" data-element_type=\"container\" data-settings=\"{&quot;background_background&quot;:&quot;classic&quot;}\">\n\t\t\t\t<div class=\"elementor-element elementor-element-7c2e681 elementor-widget elementor-widget-heading\" data-id=\"7c2e681\" data-element_type=\"widget\" data-widget_type=\"heading.default\">\n\t\t\t\t\t<h2 class=\"elementor-heading-title elementor-size-default\">Tailored one-on-one sessions<\/h2>\t\t\t\t<\/div>\n\t\t\t\t<div class=\"elementor-element elementor-element-d9eef58 elementor-widget elementor-widget-text-editor\" data-id=\"d9eef58\" data-element_type=\"widget\" data-widget_type=\"text-editor.default\">\n\t\t\t\t\t\t\t\t\t<p class=\"translation-block\">The association offers individual mentoring sessions as well as group master classes taught by experts, for personal, professional, and entrepreneurial development.<\/p><p><span style=\"font-weight: 400;\">These individual sessions are designed to support each mentee in their professional development. They provide an opportunity to clarify or restructure their plans, develop a concrete action plan to achieve short-term goals, and define or strengthen their positioning in their field of expertise.<\/span><\/p>\t\t\t\t\t\t\t\t<\/div>\n\t\t\t\t<\/div>\n\t\t<div class=\"elementor-element elementor-element-6cbf0ed e-con-full e-flex e-con e-child\" data-id=\"6cbf0ed\" data-element_type=\"container\" data-settings=\"{&quot;background_background&quot;:&quot;classic&quot;}\">\n\t\t\t\t<\/div>\n\t\t\t\t<\/div>\n\t\t<div class=\"elementor-element elementor-element-3fc639b e-con-full e-flex e-con e-child\" data-id=\"3fc639b\" data-element_type=\"container\">\n\t\t<div class=\"elementor-element elementor-element-e97172e e-con-full e-flex e-con e-child\" data-id=\"e97172e\" data-element_type=\"container\" data-settings=\"{&quot;background_background&quot;:&quot;classic&quot;}\">\n\t\t\t\t<div class=\"elementor-element elementor-element-65043da elementor-widget elementor-widget-heading\" data-id=\"65043da\" data-element_type=\"widget\" data-widget_type=\"heading.default\">\n\t\t\t\t\t<h2 class=\"elementor-heading-title elementor-size-default\">The Voice and Vision Program \u2013 Women in Media<\/h2>\t\t\t\t<\/div>\n\t\t\t\t<div class=\"elementor-element elementor-element-8ff8cad elementor-widget elementor-widget-text-editor\" data-id=\"8ff8cad\" data-element_type=\"widget\" data-widget_type=\"text-editor.default\">\n\t\t\t\t\t\t\t\t\t<p><span style=\"font-weight: 400;\">Inspired by the career path of Rachel SUMBU, who began her career in media through a mentoring program followed by training in multimedia journalism, the \u201cVoix &amp; Vision \u2013 Femmes dans les m\u00e9dias\u201d (Voice &amp; Vision \u2013 Women in Media) program is aimed exclusively at women who want to succeed in this sector. The aim is to share experience and expertise with them, with the support of mentors and specialists in the field, and above all, to provide them with the essential tools to develop in this sector, increase their visibility, leadership, and self-confidence.<\/span><\/p><p><span style=\"font-weight: 400;\">This intensive three-month program combines individual sessions and group masterclasses led by mentors, journalists, and established experts from the media and communications sectors.<\/span><\/p>\t\t\t\t\t\t\t\t<\/div>\n\t\t\t\t<div class=\"elementor-element elementor-element-ddb09c4 elementor-hidden-desktop elementor-hidden-tablet elementor-hidden-mobile elementor-widget elementor-widget-n-accordion\" data-id=\"ddb09c4\" data-element_type=\"widget\" data-settings=\"{&quot;default_state&quot;:&quot;expanded&quot;,&quot;max_items_expended&quot;:&quot;one&quot;,&quot;n_accordion_animation_duration&quot;:{&quot;unit&quot;:&quot;ms&quot;,&quot;size&quot;:400,&quot;sizes&quot;:[]}}\" data-widget_type=\"nested-accordion.default\">\n\t\t\t\t\t\t\t<div class=\"e-n-accordion\" aria-label=\"Accordion. Open links with Enter or Space, close with Escape, and navigate with Arrow Keys\">\n\t\t\t\t\t\t<details id=\"e-n-accordion-item-2320\" class=\"e-n-accordion-item\" open>\n\t\t\t\t<summary class=\"e-n-accordion-item-title\" data-accordion-index=\"1\" tabindex=\"0\" aria-expanded=\"true\" aria-controls=\"e-n-accordion-item-2320\" >\n\t\t\t\t\t<span class='e-n-accordion-item-title-header'><div class=\"e-n-accordion-item-title-text\"> Cohort 1 - October to December 2025 <\/div><\/span>\n\t\t\t\t\t\t\t<span class='e-n-accordion-item-title-icon'>\n\t\t\t<span class='e-opened' ><svg aria-hidden=\"true\" class=\"e-font-icon-svg e-fas-caret-up\" viewbox=\"0 0 320 512\" xmlns=\"http:\/\/www.w3.org\/2000\/svg\"><path d=\"M288.662 352H31.338c-17.818 0-26.741-21.543-14.142-34.142l128.662-128.662c7.81-7.81 20.474-7.81 28.284 0l128.662 128.662c12.6 12.599 3.676 34.142-14.142 34.142z\"><\/path><\/svg><\/span>\n\t\t\t<span class='e-closed'><svg aria-hidden=\"true\" class=\"e-font-icon-svg e-fas-caret-down\" viewbox=\"0 0 320 512\" xmlns=\"http:\/\/www.w3.org\/2000\/svg\"><path d=\"M31.3 192h257.3c17.8 0 26.7 21.5 14.1 34.1L174.1 354.8c-7.8 7.8-20.5 7.8-28.3 0L17.2 226.1C4.6 213.5 13.5 192 31.3 192z\"><\/path><\/svg><\/span>\n\t\t<\/span>\n\n\t\t\t\t\t\t<\/summary>\n\t\t\t\t<div role=\"region\" aria-labelledby=\"e-n-accordion-item-2320\" class=\"elementor-element elementor-element-9fac900 e-con-full e-flex e-con e-child\" data-id=\"9fac900\" data-element_type=\"container\">\n\t\t<div role=\"region\" aria-labelledby=\"e-n-accordion-item-2320\" class=\"elementor-element elementor-element-ad11e3a e-flex e-con-boxed e-con e-child\" data-id=\"ad11e3a\" data-element_type=\"container\">\n\t\t\t\t\t<div class=\"e-con-inner\">\n\t\t\t\t<div class=\"elementor-element elementor-element-cbcf9f4 elementor-widget elementor-widget-text-editor\" data-id=\"cbcf9f4\" data-element_type=\"widget\" data-widget_type=\"text-editor.default\">\n\t\t\t\t\t\t\t\t\t<p class=\"translation-block\">The first cohort of the \u201cVoix &amp; Vision \u2013 Femmes dans les m\u00e9dias\u201d (Voice &amp; Vision \u2013 Women in Media) program, running from October to December 2025, is being launched in collaboration with the association Think Greater as part of its \u201cThink Greater\u201d program. &gt;Think Greater<\/span><\/i><span style=\"font-weight: 400\"> as part of its \u201c<a href=\"http:\/\/www.wethinkgreater.com\" target=\"_blank\" rel=\"noopener\">Ubuntu'Mentors<\/a>\u201d program.<\/p><p><span style=\"font-weight: 400;\">As part of this personalized mentoring program, the Think Greater association guides its mentees toward specialized career paths based on their aspirations. This explains the collaboration around \u201cVoix &amp; Vision \u2013 Femmes dans les m\u00e9dias\u201d (Voice &amp; Vision \u2013 Women in the Media), which complements the sessions already offered by Ubuntu'Mentors.<\/span><\/p>\t\t\t\t\t\t\t\t<\/div>\n\t\t\t\t<div class=\"elementor-element elementor-element-ecba23f elementor-align-right elementor-widget elementor-widget-button\" data-id=\"ecba23f\" data-element_type=\"widget\" data-widget_type=\"button.default\">\n\t\t\t\t\t\t\t\t\t\t<a class=\"elementor-button elementor-button-link elementor-size-sm\" href=\"\/en\/voix-vision-femmes-dans-les-medias-cohorte-1-octobre-a-decembre-2025\/\">\n\t\t\t\t\t\t<span class=\"elementor-button-content-wrapper\">\n\t\t\t\t\t\t<span class=\"elementor-button-icon\">\n\t\t\t\t<svg xmlns=\"http:\/\/www.w3.org\/2000\/svg\" id=\"Layer_1\" data-name=\"Layer 1\" viewbox=\"0 0 24 24\"><path d=\"m10.279,18.342l-.707-.707,5.281-5.281c.094-.095.146-.22.146-.354s-.052-.259-.146-.354l-5.281-5.281.707-.707,5.281,5.281c.283.283.439.66.439,1.061s-.156.777-.439,1.061l-5.281,5.281Z\"><\/path><\/svg>\t\t\t<\/span>\n\t\t\t\t\t\t\t\t\t<span class=\"elementor-button-text\">Find out more<\/span>\n\t\t\t\t\t<\/span>\n\t\t\t\t\t<\/a>\n\t\t\t\t\t\t\t\t<\/div>\n\t\t\t\t\t<\/div>\n\t\t\t\t<\/div>\n\t\t\t\t<\/div>\n\t\t\t\t\t<\/details>\n\t\t\t\t\t\t<details id=\"e-n-accordion-item-2321\" class=\"e-n-accordion-item\" >\n\t\t\t\t<summary class=\"e-n-accordion-item-title\" data-accordion-index=\"2\" tabindex=\"-1\" aria-expanded=\"false\" aria-controls=\"e-n-accordion-item-2321\" >\n\t\t\t\t\t<span class='e-n-accordion-item-title-header'><div class=\"e-n-accordion-item-title-text\"> Cohorte 2 - 2026 <\/div><\/span>\n\t\t\t\t\t\t\t<span class='e-n-accordion-item-title-icon'>\n\t\t\t<span class='e-opened' ><svg aria-hidden=\"true\" class=\"e-font-icon-svg e-fas-caret-up\" viewbox=\"0 0 320 512\" xmlns=\"http:\/\/www.w3.org\/2000\/svg\"><path d=\"M288.662 352H31.338c-17.818 0-26.741-21.543-14.142-34.142l128.662-128.662c7.81-7.81 20.474-7.81 28.284 0l128.662 128.662c12.6 12.599 3.676 34.142-14.142 34.142z\"><\/path><\/svg><\/span>\n\t\t\t<span class='e-closed'><svg aria-hidden=\"true\" class=\"e-font-icon-svg e-fas-caret-down\" viewbox=\"0 0 320 512\" xmlns=\"http:\/\/www.w3.org\/2000\/svg\"><path d=\"M31.3 192h257.3c17.8 0 26.7 21.5 14.1 34.1L174.1 354.8c-7.8 7.8-20.5 7.8-28.3 0L17.2 226.1C4.6 213.5 13.5 192 31.3 192z\"><\/path><\/svg><\/span>\n\t\t<\/span>\n\n\t\t\t\t\t\t<\/summary>\n\t\t\t\t<div role=\"region\" aria-labelledby=\"e-n-accordion-item-2321\" class=\"elementor-element elementor-element-6118432 e-con-full e-flex e-con e-child\" data-id=\"6118432\" data-element_type=\"container\">\n\t\t<div role=\"region\" aria-labelledby=\"e-n-accordion-item-2321\" class=\"elementor-element elementor-element-63fd0d6 e-flex e-con-boxed e-con e-child\" data-id=\"63fd0d6\" data-element_type=\"container\">\n\t\t\t\t\t<div class=\"e-con-inner\">\n\t\t\t\t<div class=\"elementor-element elementor-element-5d3c6ab elementor-widget elementor-widget-text-editor\" data-id=\"5d3c6ab\" data-element_type=\"widget\" data-widget_type=\"text-editor.default\">\n\t\t\t\t\t\t\t\t\t<p class=\"translation-block\">The first cohort of the \u201cVoix &amp; Vision \u2013 Femmes dans les m\u00e9dias\u201d (Voice &amp; Vision \u2013 Women in Media) program, running from October to December 2025, is being launched in collaboration with the association Think Greater as part of its \u201cThink Greater\u201d program. &gt;Think Greater<\/span><\/i><span style=\"font-weight: 400\"> as part of its \u201c<a href=\"http:\/\/www.wethinkgreater.com\" target=\"_blank\" rel=\"noopener\">Ubuntu'Mentors<\/a>\u201d program.<\/p><p><span style=\"font-weight: 400;\">As part of this personalized mentoring program, the Think Greater association guides its mentees toward specialized career paths based on their aspirations. This explains the collaboration around \u201cVoix &amp; Vision \u2013 Femmes dans les m\u00e9dias\u201d (Voice &amp; Vision \u2013 Women in the Media), which complements the sessions already offered by Ubuntu'Mentors.<\/span><\/p>\t\t\t\t\t\t\t\t<\/div>\n\t\t<div role=\"region\" aria-labelledby=\"e-n-accordion-item-2321\" class=\"elementor-element elementor-element-39fe1c2 e-con-full e-flex e-con e-child\" data-id=\"39fe1c2\" data-element_type=\"container\">\n\t\t\t\t<div class=\"elementor-element elementor-element-108e7d7 elementor-widget elementor-widget-text-editor\" data-id=\"108e7d7\" data-element_type=\"widget\" data-widget_type=\"text-editor.default\">\n\t\t\t\t\t\t\t\t\t<p><span style=\"font-weight: 400;\">Mentors ou Mentor\u00e9s, vous souhaitez rejoindre notre aventure et candidater pour la 2\u00e8me<\/span><span style=\"font-weight: 400;\"> cohorte\u00a0?<\/span><\/p>\t\t\t\t\t\t\t\t<\/div>\n\t\t\t\t<div class=\"elementor-element elementor-element-3153201 elementor-align-right elementor-widget__width-auto elementor-widget elementor-widget-button\" data-id=\"3153201\" data-element_type=\"widget\" data-widget_type=\"button.default\">\n\t\t\t\t\t\t\t\t\t\t<a class=\"elementor-button elementor-button-link elementor-size-sm\" href=\"#elementor-action%3Aaction%3Dpopup%3Aopen%26settings%3DeyJpZCI6IjExMTgiLCJ0b2dnbGUiOmZhbHNlfQ%3D%3D\">\n\t\t\t\t\t\t<span class=\"elementor-button-content-wrapper\">\n\t\t\t\t\t\t<span class=\"elementor-button-icon\">\n\t\t\t\t<svg xmlns=\"http:\/\/www.w3.org\/2000\/svg\" id=\"Layer_1\" data-name=\"Layer 1\" viewbox=\"0 0 24 24\"><path d=\"m10.279,18.342l-.707-.707,5.281-5.281c.094-.095.146-.22.146-.354s-.052-.259-.146-.354l-5.281-5.281.707-.707,5.281,5.281c.283.283.439.66.439,1.061s-.156.777-.439,1.061l-5.281,5.281Z\"><\/path><\/svg>\t\t\t<\/span>\n\t\t\t\t\t\t\t\t\t<span class=\"elementor-button-text\">Par ici<\/span>\n\t\t\t\t\t<\/span>\n\t\t\t\t\t<\/a>\n\t\t\t\t\t\t\t\t<\/div>\n\t\t\t\t<\/div>\n\t\t\t\t\t<\/div>\n\t\t\t\t<\/div>\n\t\t\t\t<\/div>\n\t\t\t\t\t<\/details>\n\t\t\t\t\t<\/div>\n\t\t\t\t\t\t<\/div>\n\t\t\t\t<\/div>\n\t\t<div class=\"elementor-element elementor-element-e7abe23 e-con-full e-flex e-con e-child\" data-id=\"e7abe23\" data-element_type=\"container\" data-settings=\"{&quot;background_background&quot;:&quot;classic&quot;}\">\n\t\t\t\t<div class=\"elementor-element elementor-element-de1685f elementor-widget elementor-widget-image\" data-id=\"de1685f\" data-element_type=\"widget\" data-widget_type=\"image.default\">\n\t\t\t\t\t\t\t\t\t\t\t\t\t\t\t<img fetchpriority=\"high\" decoding=\"async\" width=\"800\" height=\"267\" src=\"https:\/\/iwa-org.com\/wp-content\/uploads\/2025\/08\/LOGO-VOIX-ET-VISION-blanc-rose-sur-bleu_cr-1-1024x342.png\" class=\"attachment-large size-large wp-image-550\" alt=\"\" srcset=\"https:\/\/iwa-org.com\/wp-content\/uploads\/2025\/08\/LOGO-VOIX-ET-VISION-blanc-rose-sur-bleu_cr-1-1024x342.png 1024w, https:\/\/iwa-org.com\/wp-content\/uploads\/2025\/08\/LOGO-VOIX-ET-VISION-blanc-rose-sur-bleu_cr-1-300x100.png 300w, https:\/\/iwa-org.com\/wp-content\/uploads\/2025\/08\/LOGO-VOIX-ET-VISION-blanc-rose-sur-bleu_cr-1-768x257.png 768w, https:\/\/iwa-org.com\/wp-content\/uploads\/2025\/08\/LOGO-VOIX-ET-VISION-blanc-rose-sur-bleu_cr-1-18x6.png 18w, https:\/\/iwa-org.com\/wp-content\/uploads\/2025\/08\/LOGO-VOIX-ET-VISION-blanc-rose-sur-bleu_cr-1.png 1233w\" sizes=\"(max-width: 800px) 100vw, 800px\" \/>\t\t\t\t\t\t\t\t\t\t\t\t\t\t\t<\/div>\n\t\t\t\t<\/div>\n\t\t\t\t<\/div>\n\t\t<div class=\"elementor-element elementor-element-0979a9c e-con-full e-flex e-con e-child\" data-id=\"0979a9c\" data-element_type=\"container\">\n\t\t\t\t<div class=\"elementor-element elementor-element-0d1a2ac elementor-widget elementor-widget-n-accordion\" data-id=\"0d1a2ac\" data-element_type=\"widget\" data-settings=\"{&quot;default_state&quot;:&quot;expanded&quot;,&quot;max_items_expended&quot;:&quot;one&quot;,&quot;n_accordion_animation_duration&quot;:{&quot;unit&quot;:&quot;ms&quot;,&quot;size&quot;:400,&quot;sizes&quot;:[]}}\" data-widget_type=\"nested-accordion.default\">\n\t\t\t\t\t\t\t<div class=\"e-n-accordion\" aria-label=\"Accordion. Open links with Enter or Space, close with Escape, and navigate with Arrow Keys\">\n\t\t\t\t\t\t<details id=\"e-n-accordion-item-1370\" class=\"e-n-accordion-item\" open>\n\t\t\t\t<summary class=\"e-n-accordion-item-title\" data-accordion-index=\"1\" tabindex=\"0\" aria-expanded=\"true\" aria-controls=\"e-n-accordion-item-1370\" >\n\t\t\t\t\t<span class='e-n-accordion-item-title-header'><div class=\"e-n-accordion-item-title-text\"> Cohort 1 - October to December 2025 <\/div><\/span>\n\t\t\t\t\t\t\t<span class='e-n-accordion-item-title-icon'>\n\t\t\t<span class='e-opened' ><svg aria-hidden=\"true\" class=\"e-font-icon-svg e-fas-caret-up\" viewbox=\"0 0 320 512\" xmlns=\"http:\/\/www.w3.org\/2000\/svg\"><path d=\"M288.662 352H31.338c-17.818 0-26.741-21.543-14.142-34.142l128.662-128.662c7.81-7.81 20.474-7.81 28.284 0l128.662 128.662c12.6 12.599 3.676 34.142-14.142 34.142z\"><\/path><\/svg><\/span>\n\t\t\t<span class='e-closed'><svg aria-hidden=\"true\" class=\"e-font-icon-svg e-fas-caret-down\" viewbox=\"0 0 320 512\" xmlns=\"http:\/\/www.w3.org\/2000\/svg\"><path d=\"M31.3 192h257.3c17.8 0 26.7 21.5 14.1 34.1L174.1 354.8c-7.8 7.8-20.5 7.8-28.3 0L17.2 226.1C4.6 213.5 13.5 192 31.3 192z\"><\/path><\/svg><\/span>\n\t\t<\/span>\n\n\t\t\t\t\t\t<\/summary>\n\t\t\t\t<div role=\"region\" aria-labelledby=\"e-n-accordion-item-1370\" class=\"elementor-element elementor-element-017ecf9 e-con-full e-flex e-con e-child\" data-id=\"017ecf9\" data-element_type=\"container\">\n\t\t<div role=\"region\" aria-labelledby=\"e-n-accordion-item-1370\" class=\"elementor-element elementor-element-ccf1138 e-flex e-con-boxed e-con e-child\" data-id=\"ccf1138\" data-element_type=\"container\">\n\t\t\t\t\t<div class=\"e-con-inner\">\n\t\t\t\t<div class=\"elementor-element elementor-element-aae954c elementor-widget elementor-widget-text-editor\" data-id=\"aae954c\" data-element_type=\"widget\" data-widget_type=\"text-editor.default\">\n\t\t\t\t\t\t\t\t\t<p class=\"p1\">La premi\u00e8re cohorte du programme \u00ab\u00a0Voix &amp; Vision \u2013 Femmes dans les m\u00e9dias\u00a0\u00bb allant d\u2019octobre \u00e0 d\u00e9cembre 2025, est parrain\u00e9e par\u00a0l&rsquo;Honorable Romain-Landry BUSSA MBULE, D\u00e9put\u00e9 National \u00c9lu de Budjala en R\u00e9publique D\u00e9mocratique du Congo.<\/p><p class=\"p1\">Cette premi\u00e8re cohorte b\u00e9n\u00e9ficiera \u00e9galement du marrainage de Madame Nadine KOUAMOUO, Productrice ex\u00e9cutive et Directrice du M\u00e9dia Muntu.<\/p>\t\t\t\t\t\t\t\t<\/div>\n\t\t\t\t<div class=\"elementor-element elementor-element-50245a6 elementor-align-right elementor-widget elementor-widget-button\" data-id=\"50245a6\" data-element_type=\"widget\" data-widget_type=\"button.default\">\n\t\t\t\t\t\t\t\t\t\t<a class=\"elementor-button elementor-button-link elementor-size-sm\" href=\"https:\/\/iwa-org.com\/en\/programme-de-mentorat\/voix-vision-femmes-dans-les-medias-cohorte-1-octobre-a-decembre-2025\/\">\n\t\t\t\t\t\t<span class=\"elementor-button-content-wrapper\">\n\t\t\t\t\t\t<span class=\"elementor-button-icon\">\n\t\t\t\t<svg xmlns=\"http:\/\/www.w3.org\/2000\/svg\" id=\"Layer_1\" data-name=\"Layer 1\" viewbox=\"0 0 24 24\"><path d=\"m10.279,18.342l-.707-.707,5.281-5.281c.094-.095.146-.22.146-.354s-.052-.259-.146-.354l-5.281-5.281.707-.707,5.281,5.281c.283.283.439.66.439,1.061s-.156.777-.439,1.061l-5.281,5.281Z\"><\/path><\/svg>\t\t\t<\/span>\n\t\t\t\t\t\t\t\t\t<span class=\"elementor-button-text\">Find out more<\/span>\n\t\t\t\t\t<\/span>\n\t\t\t\t\t<\/a>\n\t\t\t\t\t\t\t\t<\/div>\n\t\t\t\t\t<\/div>\n\t\t\t\t<\/div>\n\t\t\t\t<\/div>\n\t\t\t\t\t<\/details>\n\t\t\t\t\t<\/div>\n\t\t\t\t\t\t<\/div>\n\t\t\t\t<\/div>\n\t\t\t\t\t<\/div>\n\t\t\t\t<\/div>\n\t\t\t\t<\/div>","protected":false},"excerpt":{"rendered":"<p>Programme de mentorat Sessions individuelles personnalis\u00e9es L\u2019association propose des sessions de mentorat individuelles ainsi que des master classes collectives dispens\u00e9es par des experts, pour le d\u00e9veloppement personnel, professionnel et entrepreneurial. Ces sessions individuelles sont con\u00e7ues pour accompagner chaque mentor\u00e9 dans son parcours professionnel. Elles permettent de clarifier ou restructurer leur projet, d\u2019\u00e9laborer un plan d\u2019action [&hellip;]<\/p>\n","protected":false},"author":1,"featured_media":0,"parent":50,"menu_order":0,"comment_status":"closed","ping_status":"closed","template":"","meta":{"footnotes":""},"class_list":["post-919","page","type-page","status-publish","hentry"],"_links":{"self":[{"href":"https:\/\/iwa-org.com\/en\/wp-json\/wp\/v2\/pages\/919","targetHints":{"allow":["GET"]}}],"collection":[{"href":"https:\/\/iwa-org.com\/en\/wp-json\/wp\/v2\/pages"}],"about":[{"href":"https:\/\/iwa-org.com\/en\/wp-json\/wp\/v2\/types\/page"}],"author":[{"embeddable":true,"href":"https:\/\/iwa-org.com\/en\/wp-json\/wp\/v2\/users\/1"}],"replies":[{"embeddable":true,"href":"https:\/\/iwa-org.com\/en\/wp-json\/wp\/v2\/comments?post=919"}],"version-history":[{"count":103,"href":"https:\/\/iwa-org.com\/en\/wp-json\/wp\/v2\/pages\/919\/revisions"}],"predecessor-version":[{"id":2283,"href":"https:\/\/iwa-org.com\/en\/wp-json\/wp\/v2\/pages\/919\/revisions\/2283"}],"up":[{"embeddable":true,"href":"https:\/\/iwa-org.com\/en\/wp-json\/wp\/v2\/pages\/50"}],"wp:attachment":[{"href":"https:\/\/iwa-org.com\/en\/wp-json\/wp\/v2\/media?parent=919"}],"curies":[{"name":"wp","href":"https:\/\/api.w.org\/{rel}","templated":true}]}}