{"id":48,"date":"2025-08-20T15:42:46","date_gmt":"2025-08-20T15:42:46","guid":{"rendered":"https:\/\/iwa-org.com\/?page_id=48"},"modified":"2025-09-03T13:19:12","modified_gmt":"2025-09-03T13:19:12","slug":"priorites-strategiques","status":"publish","type":"page","link":"https:\/\/iwa-org.com\/en\/priorites-strategiques\/","title":{"rendered":"Strategic priorities"},"content":{"rendered":"<div data-elementor-type=\"wp-page\" data-elementor-id=\"48\" class=\"elementor elementor-48\" data-elementor-post-type=\"page\">\n\t\t\t\t<div class=\"elementor-element elementor-element-18209a2 e-flex e-con-boxed e-con e-parent\" data-id=\"18209a2\" data-element_type=\"container\" data-settings=\"{&quot;background_background&quot;:&quot;classic&quot;}\">\n\t\t\t\t\t<div class=\"e-con-inner\">\n\t\t<div class=\"elementor-element elementor-element-8fdf3ef e-con-full e-flex e-con e-child\" data-id=\"8fdf3ef\" data-element_type=\"container\">\n\t\t\t\t<div class=\"elementor-element elementor-element-054588c elementor-widget elementor-widget-heading\" data-id=\"054588c\" data-element_type=\"widget\" data-widget_type=\"heading.default\">\n\t\t\t\t\t<h1 class=\"elementor-heading-title elementor-size-default\">Strategic priorities of the association <\/h1>\t\t\t\t<\/div>\n\t\t\t\t<div class=\"elementor-element elementor-element-2993c85 iwa-breadcumb elementor-widget elementor-widget-shortcode\" data-id=\"2993c85\" data-element_type=\"widget\" data-widget_type=\"shortcode.default\">\n\t\t\t\t\t\t\t<div class=\"elementor-shortcode\"><nav aria-label=\"breadcrumbs\" class=\"rank-math-breadcrumb\"><p><span class=\"last\">Home<\/span><\/p><\/nav><\/div>\n\t\t\t\t\t\t<\/div>\n\t\t\t\t<\/div>\n\t\t\t\t\t<\/div>\n\t\t\t\t<\/div>\n\t\t<div class=\"elementor-element elementor-element-c35f2c4 elementor-hidden-desktop elementor-hidden-tablet elementor-hidden-mobile e-flex e-con-boxed e-con e-parent\" data-id=\"c35f2c4\" data-element_type=\"container\">\n\t\t\t\t\t<div class=\"e-con-inner\">\n\t\t<div class=\"elementor-element elementor-element-76fef1f e-con-full e-flex e-con e-child\" data-id=\"76fef1f\" data-element_type=\"container\">\n\t\t<div class=\"elementor-element elementor-element-4ade19f e-con-full e-flex e-con e-child\" data-id=\"4ade19f\" data-element_type=\"container\">\n\t\t\t\t<div class=\"elementor-element elementor-element-f1cfdb0 elementor-widget elementor-widget-heading\" data-id=\"f1cfdb0\" data-element_type=\"widget\" data-widget_type=\"heading.default\">\n\t\t\t\t\t<h2 class=\"elementor-heading-title elementor-size-default\">Education &amp; Youth<\/h2>\t\t\t\t<\/div>\n\t\t\t\t<div class=\"elementor-element elementor-element-6924324 elementor-widget elementor-widget-text-editor\" data-id=\"6924324\" data-element_type=\"widget\" data-widget_type=\"text-editor.default\">\n\t\t\t\t\t\t\t\t\t<p><span style=\"font-weight: 400;\">Convinced that education is the key to all development, Rachel SUMBU attaches paramount importance to it. As a mother of two children who herself became a parent at the young age of 19, she is well aware of the challenges this entails.<\/span><\/p><p><span style=\"font-weight: 400;\"><br \/><\/span><span style=\"font-weight: 400;\">It is therefore committed to raising awareness among young people about issues relating to sexuality, early motherhood, and parenthood, and to promoting equal opportunities so that all young people, including young mothers, regardless of their background or circumstances, have access to the same opportunities for success.<\/span><\/p>\t\t\t\t\t\t\t\t<\/div>\n\t\t\t\t<\/div>\n\t\t<div class=\"elementor-element elementor-element-3e16967 e-con-full e-flex e-con e-child\" data-id=\"3e16967\" data-element_type=\"container\">\n\t\t\t\t<div class=\"elementor-element elementor-element-b29e541 elementor-widget elementor-widget-image\" data-id=\"b29e541\" data-element_type=\"widget\" data-widget_type=\"image.default\">\n\t\t\t\t\t\t\t\t\t\t\t\t\t\t\t<img fetchpriority=\"high\" decoding=\"async\" width=\"800\" height=\"533\" src=\"https:\/\/iwa-org.com\/wp-content\/uploads\/2025\/08\/1_1.jpg\" class=\"attachment-large size-large wp-image-324\" alt=\"\" srcset=\"https:\/\/iwa-org.com\/wp-content\/uploads\/2025\/08\/1_1.jpg 800w, https:\/\/iwa-org.com\/wp-content\/uploads\/2025\/08\/1_1-300x200.jpg 300w, https:\/\/iwa-org.com\/wp-content\/uploads\/2025\/08\/1_1-768x512.jpg 768w, https:\/\/iwa-org.com\/wp-content\/uploads\/2025\/08\/1_1-18x12.jpg 18w\" sizes=\"(max-width: 800px) 100vw, 800px\" \/>\t\t\t\t\t\t\t\t\t\t\t\t\t\t\t<\/div>\n\t\t<div class=\"elementor-element elementor-element-ce3b04e e-con-full e-flex e-con e-child\" data-id=\"ce3b04e\" data-element_type=\"container\" data-settings=\"{&quot;position&quot;:&quot;absolute&quot;}\">\n\t\t\t\t<\/div>\n\t\t\t\t<\/div>\n\t\t\t\t<\/div>\n\t\t\t\t\t<\/div>\n\t\t\t\t<\/div>\n\t\t<div class=\"elementor-element elementor-element-279034b elementor-hidden-desktop elementor-hidden-tablet elementor-hidden-mobile e-flex e-con-boxed e-con e-parent\" data-id=\"279034b\" data-element_type=\"container\">\n\t\t\t\t\t<div class=\"e-con-inner\">\n\t\t<div class=\"elementor-element elementor-element-80d500c e-con-full e-flex e-con e-child\" data-id=\"80d500c\" data-element_type=\"container\">\n\t\t<div class=\"elementor-element elementor-element-73c63de e-con-full e-flex e-con e-child\" data-id=\"73c63de\" data-element_type=\"container\" data-settings=\"{&quot;background_background&quot;:&quot;classic&quot;}\">\n\t\t\t\t<div class=\"elementor-element elementor-element-2075f9d elementor-widget elementor-widget-image\" data-id=\"2075f9d\" data-element_type=\"widget\" data-widget_type=\"image.default\">\n\t\t\t\t\t\t\t\t\t\t\t\t\t\t\t<img decoding=\"async\" width=\"800\" height=\"800\" src=\"https:\/\/iwa-org.com\/wp-content\/uploads\/2025\/08\/Leadership-Autonomisation.jpg\" class=\"attachment-large size-large wp-image-478\" alt=\"\" srcset=\"https:\/\/iwa-org.com\/wp-content\/uploads\/2025\/08\/Leadership-Autonomisation.jpg 800w, https:\/\/iwa-org.com\/wp-content\/uploads\/2025\/08\/Leadership-Autonomisation-300x300.jpg 300w, https:\/\/iwa-org.com\/wp-content\/uploads\/2025\/08\/Leadership-Autonomisation-150x150.jpg 150w, https:\/\/iwa-org.com\/wp-content\/uploads\/2025\/08\/Leadership-Autonomisation-768x768.jpg 768w, https:\/\/iwa-org.com\/wp-content\/uploads\/2025\/08\/Leadership-Autonomisation-12x12.jpg 12w\" sizes=\"(max-width: 800px) 100vw, 800px\" \/>\t\t\t\t\t\t\t\t\t\t\t\t\t\t\t<\/div>\n\t\t<div class=\"elementor-element elementor-element-af9bddf e-con-full e-flex e-con e-child\" data-id=\"af9bddf\" data-element_type=\"container\" data-settings=\"{&quot;position&quot;:&quot;absolute&quot;}\">\n\t\t\t\t<\/div>\n\t\t\t\t<\/div>\n\t\t<div class=\"elementor-element elementor-element-0c1f255 e-con-full e-flex e-con e-child\" data-id=\"0c1f255\" data-element_type=\"container\">\n\t\t\t\t<div class=\"elementor-element elementor-element-3d9c6b6 elementor-widget elementor-widget-heading\" data-id=\"3d9c6b6\" data-element_type=\"widget\" data-widget_type=\"heading.default\">\n\t\t\t\t\t<h2 class=\"elementor-heading-title elementor-size-default\">Leadership &amp; Women's Empowerment<\/h2>\t\t\t\t<\/div>\n\t\t\t\t<div class=\"elementor-element elementor-element-be5f2f1 elementor-widget elementor-widget-text-editor\" data-id=\"be5f2f1\" data-element_type=\"widget\" data-widget_type=\"text-editor.default\">\n\t\t\t\t\t\t\t\t\t<p><span style=\"font-weight: 400;\">Strengthen the position of women in strategic areas, in the media, in diplomacy, in international cooperation, and empower them to make their voices heard and positively influence society.<\/span><\/p>\t\t\t\t\t\t\t\t<\/div>\n\t\t\t\t<\/div>\n\t\t\t\t<\/div>\n\t\t\t\t\t<\/div>\n\t\t\t\t<\/div>\n\t\t<div class=\"elementor-element elementor-element-62ba448 elementor-hidden-desktop elementor-hidden-tablet elementor-hidden-mobile e-flex e-con-boxed e-con e-parent\" data-id=\"62ba448\" data-element_type=\"container\">\n\t\t\t\t\t<div class=\"e-con-inner\">\n\t\t<div class=\"elementor-element elementor-element-7ebeb9c e-con-full e-flex e-con e-child\" data-id=\"7ebeb9c\" data-element_type=\"container\">\n\t\t<div class=\"elementor-element elementor-element-4130eab e-con-full e-flex e-con e-child\" data-id=\"4130eab\" data-element_type=\"container\">\n\t\t\t\t<div class=\"elementor-element elementor-element-f6d84f9 elementor-widget elementor-widget-heading\" data-id=\"f6d84f9\" data-element_type=\"widget\" data-widget_type=\"heading.default\">\n\t\t\t\t\t<h2 class=\"elementor-heading-title elementor-size-default\">Advocacy &amp; International Cooperation<\/h2>\t\t\t\t<\/div>\n\t\t\t\t<div class=\"elementor-element elementor-element-71fd558 elementor-widget elementor-widget-text-editor\" data-id=\"71fd558\" data-element_type=\"widget\" data-widget_type=\"text-editor.default\">\n\t\t\t\t\t\t\t\t\t<p><span style=\"font-weight: 400;\">Building bridges between Europe and Africa, promoting the exchange of ideas and experiences, and encouraging solutions tailored to local realities on both continents.<\/span><\/p><p><span style=\"font-weight: 400;\">This commitment stems from numerous interviews conducted by Rachel with decision-makers, opinion leaders, and experts, which fueled her interest in various international cooperation issues.<\/span><\/p>\t\t\t\t\t\t\t\t<\/div>\n\t\t\t\t<\/div>\n\t\t<div class=\"elementor-element elementor-element-30d97f6 e-con-full e-flex e-con e-child\" data-id=\"30d97f6\" data-element_type=\"container\">\n\t\t\t\t<div class=\"elementor-element elementor-element-fc61b77 elementor-widget elementor-widget-image\" data-id=\"fc61b77\" data-element_type=\"widget\" data-widget_type=\"image.default\">\n\t\t\t\t\t\t\t\t\t\t\t\t\t\t\t<img decoding=\"async\" width=\"800\" height=\"800\" src=\"https:\/\/iwa-org.com\/wp-content\/uploads\/2025\/08\/3_3.jpg\" class=\"attachment-large size-large wp-image-406\" alt=\"\" srcset=\"https:\/\/iwa-org.com\/wp-content\/uploads\/2025\/08\/3_3.jpg 800w, https:\/\/iwa-org.com\/wp-content\/uploads\/2025\/08\/3_3-300x300.jpg 300w, https:\/\/iwa-org.com\/wp-content\/uploads\/2025\/08\/3_3-150x150.jpg 150w, https:\/\/iwa-org.com\/wp-content\/uploads\/2025\/08\/3_3-768x768.jpg 768w, https:\/\/iwa-org.com\/wp-content\/uploads\/2025\/08\/3_3-12x12.jpg 12w\" sizes=\"(max-width: 800px) 100vw, 800px\" \/>\t\t\t\t\t\t\t\t\t\t\t\t\t\t\t<\/div>\n\t\t<div class=\"elementor-element elementor-element-bbe1dee e-con-full e-flex e-con e-child\" data-id=\"bbe1dee\" data-element_type=\"container\" data-settings=\"{&quot;position&quot;:&quot;absolute&quot;}\">\n\t\t\t\t<\/div>\n\t\t\t\t<\/div>\n\t\t\t\t<\/div>\n\t\t\t\t\t<\/div>\n\t\t\t\t<\/div>\n\t\t<div class=\"elementor-element elementor-element-951b8b3 elementor-hidden-desktop elementor-hidden-tablet elementor-hidden-mobile e-flex e-con-boxed e-con e-parent\" data-id=\"951b8b3\" data-element_type=\"container\">\n\t\t\t\t\t<div class=\"e-con-inner\">\n\t\t<div class=\"elementor-element elementor-element-ec73e28 e-con-full e-flex e-con e-child\" data-id=\"ec73e28\" data-element_type=\"container\">\n\t\t<div class=\"elementor-element elementor-element-acb9d7a e-con-full e-flex e-con e-child\" data-id=\"acb9d7a\" data-element_type=\"container\" data-settings=\"{&quot;background_background&quot;:&quot;classic&quot;}\">\n\t\t\t\t<div class=\"elementor-element elementor-element-8b90f39 elementor-widget elementor-widget-image\" data-id=\"8b90f39\" data-element_type=\"widget\" data-widget_type=\"image.default\">\n\t\t\t\t\t\t\t\t\t\t\t\t\t\t\t<img loading=\"lazy\" decoding=\"async\" width=\"800\" height=\"533\" src=\"https:\/\/iwa-org.com\/wp-content\/uploads\/2025\/08\/Solidarite-Actions-humanitaires.jpg\" class=\"attachment-large size-large wp-image-477\" alt=\"\" srcset=\"https:\/\/iwa-org.com\/wp-content\/uploads\/2025\/08\/Solidarite-Actions-humanitaires.jpg 800w, https:\/\/iwa-org.com\/wp-content\/uploads\/2025\/08\/Solidarite-Actions-humanitaires-300x200.jpg 300w, https:\/\/iwa-org.com\/wp-content\/uploads\/2025\/08\/Solidarite-Actions-humanitaires-768x512.jpg 768w, https:\/\/iwa-org.com\/wp-content\/uploads\/2025\/08\/Solidarite-Actions-humanitaires-18x12.jpg 18w\" sizes=\"(max-width: 800px) 100vw, 800px\" \/>\t\t\t\t\t\t\t\t\t\t\t\t\t\t\t<\/div>\n\t\t<div class=\"elementor-element elementor-element-802cef4 e-con-full e-flex e-con e-child\" data-id=\"802cef4\" data-element_type=\"container\" data-settings=\"{&quot;position&quot;:&quot;absolute&quot;}\">\n\t\t\t\t<\/div>\n\t\t\t\t<\/div>\n\t\t<div class=\"elementor-element elementor-element-a4fbf35 e-con-full e-flex e-con e-child\" data-id=\"a4fbf35\" data-element_type=\"container\">\n\t\t\t\t<div class=\"elementor-element elementor-element-213d560 elementor-widget elementor-widget-heading\" data-id=\"213d560\" data-element_type=\"widget\" data-widget_type=\"heading.default\">\n\t\t\t\t\t<h2 class=\"elementor-heading-title elementor-size-default\">Solidarity &amp; Humanitarian Action<\/h2>\t\t\t\t<\/div>\n\t\t\t\t<div class=\"elementor-element elementor-element-e65a10c elementor-widget elementor-widget-text-editor\" data-id=\"e65a10c\" data-element_type=\"widget\" data-widget_type=\"text-editor.default\">\n\t\t\t\t\t\t\t\t\t<p><span style=\"font-weight: 400;\">Provide practical support to people in precarious situations through direct action in the field (outreach work, distribution of school supplies, etc.).<\/span><\/p>\t\t\t\t\t\t\t\t<\/div>\n\t\t\t\t<\/div>\n\t\t\t\t<\/div>\n\t\t\t\t\t<\/div>\n\t\t\t\t<\/div>\n\t\t<div class=\"elementor-element elementor-element-7e5af85 e-flex e-con-boxed e-con e-parent\" data-id=\"7e5af85\" data-element_type=\"container\">\n\t\t\t\t\t<div class=\"e-con-inner\">\n\t\t<div class=\"elementor-element elementor-element-5f5482b e-con-full e-flex e-con e-child\" data-id=\"5f5482b\" data-element_type=\"container\">\n\t\t<div class=\"elementor-element elementor-element-1436185 e-con-full e-flex e-con e-child\" data-id=\"1436185\" data-element_type=\"container\">\n\t\t<div class=\"elementor-element elementor-element-8c6e4eb e-con-full e-flex e-con e-child\" data-id=\"8c6e4eb\" data-element_type=\"container\" data-settings=\"{&quot;background_background&quot;:&quot;classic&quot;}\">\n\t\t<div class=\"elementor-element elementor-element-0825dfd e-con-full e-flex e-con e-child\" data-id=\"0825dfd\" data-element_type=\"container\">\n\t\t\t\t<div class=\"elementor-element elementor-element-b3ac62b elementor-widget elementor-widget-image\" data-id=\"b3ac62b\" data-element_type=\"widget\" data-widget_type=\"image.default\">\n\t\t\t\t\t\t\t\t\t\t\t\t\t\t\t<img loading=\"lazy\" decoding=\"async\" width=\"500\" height=\"500\" src=\"https:\/\/iwa-org.com\/wp-content\/uploads\/2025\/08\/education_jeunesse.jpg\" class=\"attachment-large size-large wp-image-419\" alt=\"\" srcset=\"https:\/\/iwa-org.com\/wp-content\/uploads\/2025\/08\/education_jeunesse.jpg 500w, https:\/\/iwa-org.com\/wp-content\/uploads\/2025\/08\/education_jeunesse-300x300.jpg 300w, https:\/\/iwa-org.com\/wp-content\/uploads\/2025\/08\/education_jeunesse-150x150.jpg 150w, https:\/\/iwa-org.com\/wp-content\/uploads\/2025\/08\/education_jeunesse-12x12.jpg 12w\" sizes=\"(max-width: 500px) 100vw, 500px\" \/>\t\t\t\t\t\t\t\t\t\t\t\t\t\t\t<\/div>\n\t\t\t\t<div class=\"elementor-element elementor-element-d73c7d4 elementor-widget-divider--view-line elementor-widget elementor-widget-divider\" data-id=\"d73c7d4\" data-element_type=\"widget\" data-widget_type=\"divider.default\">\n\t\t\t\t\t\t\t<div class=\"elementor-divider\">\n\t\t\t<span class=\"elementor-divider-separator\">\n\t\t\t\t\t\t<\/span>\n\t\t<\/div>\n\t\t\t\t\t\t<\/div>\n\t\t\t\t<\/div>\n\t\t<div class=\"elementor-element elementor-element-01a2145 e-con-full e-flex e-con e-child\" data-id=\"01a2145\" data-element_type=\"container\">\n\t\t\t\t<div class=\"elementor-element elementor-element-b18831f elementor-widget elementor-widget-heading\" data-id=\"b18831f\" data-element_type=\"widget\" data-widget_type=\"heading.default\">\n\t\t\t\t\t<h2 class=\"elementor-heading-title elementor-size-default\">Education &amp; Youth<\/h2>\t\t\t\t<\/div>\n\t\t\t\t<div class=\"elementor-element elementor-element-b740f9c elementor-widget elementor-widget-text-editor\" data-id=\"b740f9c\" data-element_type=\"widget\" data-widget_type=\"text-editor.default\">\n\t\t\t\t\t\t\t\t\t<p><span style=\"font-weight: 400;\">Convinced that education is the key to all development, Rachel SUMBU attaches paramount importance to it. As a mother of two children who herself became a parent at the young age of 19, she is well aware of the challenges this entails.<\/span><\/p><p><span style=\"font-weight: 400;\">It is therefore committed to raising awareness among young people about issues relating to sexuality, early motherhood, and parenthood, and to promoting equal opportunities so that all young people, including young mothers, regardless of their background or circumstances, have access to the same opportunities for success.<\/span><\/p>\t\t\t\t\t\t\t\t<\/div>\n\t\t\t\t<\/div>\n\t\t\t\t<\/div>\n\t\t<div class=\"elementor-element elementor-element-888d9c5 e-con-full e-flex e-con e-child\" data-id=\"888d9c5\" data-element_type=\"container\" data-settings=\"{&quot;background_background&quot;:&quot;classic&quot;}\">\n\t\t<div class=\"elementor-element elementor-element-e8da039 e-con-full e-flex e-con e-child\" data-id=\"e8da039\" data-element_type=\"container\">\n\t\t\t\t<div class=\"elementor-element elementor-element-9756e7e elementor-widget elementor-widget-image\" data-id=\"9756e7e\" data-element_type=\"widget\" data-widget_type=\"image.default\">\n\t\t\t\t\t\t\t\t\t\t\t\t\t\t\t<img loading=\"lazy\" decoding=\"async\" width=\"500\" height=\"500\" src=\"https:\/\/iwa-org.com\/wp-content\/uploads\/2025\/08\/leadership_femmes.jpg\" class=\"attachment-large size-large wp-image-420\" alt=\"\" srcset=\"https:\/\/iwa-org.com\/wp-content\/uploads\/2025\/08\/leadership_femmes.jpg 500w, https:\/\/iwa-org.com\/wp-content\/uploads\/2025\/08\/leadership_femmes-300x300.jpg 300w, https:\/\/iwa-org.com\/wp-content\/uploads\/2025\/08\/leadership_femmes-150x150.jpg 150w, https:\/\/iwa-org.com\/wp-content\/uploads\/2025\/08\/leadership_femmes-12x12.jpg 12w\" sizes=\"(max-width: 500px) 100vw, 500px\" \/>\t\t\t\t\t\t\t\t\t\t\t\t\t\t\t<\/div>\n\t\t\t\t<div class=\"elementor-element elementor-element-82cfcff elementor-widget-divider--view-line elementor-widget elementor-widget-divider\" data-id=\"82cfcff\" data-element_type=\"widget\" data-widget_type=\"divider.default\">\n\t\t\t\t\t\t\t<div class=\"elementor-divider\">\n\t\t\t<span class=\"elementor-divider-separator\">\n\t\t\t\t\t\t<\/span>\n\t\t<\/div>\n\t\t\t\t\t\t<\/div>\n\t\t\t\t<\/div>\n\t\t<div class=\"elementor-element elementor-element-ae04797 e-con-full e-flex e-con e-child\" data-id=\"ae04797\" data-element_type=\"container\">\n\t\t\t\t<div class=\"elementor-element elementor-element-56da50f elementor-widget elementor-widget-heading\" data-id=\"56da50f\" data-element_type=\"widget\" data-widget_type=\"heading.default\">\n\t\t\t\t\t<h2 class=\"elementor-heading-title elementor-size-default\">Leadership &amp; Women's Empowerment<\/h2>\t\t\t\t<\/div>\n\t\t\t\t<div class=\"elementor-element elementor-element-e7d04a3 elementor-widget elementor-widget-text-editor\" data-id=\"e7d04a3\" data-element_type=\"widget\" data-widget_type=\"text-editor.default\">\n\t\t\t\t\t\t\t\t\t<p><span style=\"font-weight: 400;\">Strengthen the position of women in strategic areas, in the media, in diplomacy, in international cooperation, and empower them to make their voices heard and positively influence society.<\/span><\/p>\t\t\t\t\t\t\t\t<\/div>\n\t\t\t\t<\/div>\n\t\t\t\t<\/div>\n\t\t<div class=\"elementor-element elementor-element-1085e3f e-con-full e-flex e-con e-child\" data-id=\"1085e3f\" data-element_type=\"container\" data-settings=\"{&quot;background_background&quot;:&quot;classic&quot;}\">\n\t\t<div class=\"elementor-element elementor-element-9af9190 e-con-full e-flex e-con e-child\" data-id=\"9af9190\" data-element_type=\"container\">\n\t\t\t\t<div class=\"elementor-element elementor-element-f2eb4cf elementor-widget elementor-widget-image\" data-id=\"f2eb4cf\" data-element_type=\"widget\" data-widget_type=\"image.default\">\n\t\t\t\t\t\t\t\t\t\t\t\t\t\t\t<img loading=\"lazy\" decoding=\"async\" width=\"500\" height=\"500\" src=\"https:\/\/iwa-org.com\/wp-content\/uploads\/2025\/08\/plaidoyer_cooperation.jpg\" class=\"attachment-large size-large wp-image-417\" alt=\"\" srcset=\"https:\/\/iwa-org.com\/wp-content\/uploads\/2025\/08\/plaidoyer_cooperation.jpg 500w, https:\/\/iwa-org.com\/wp-content\/uploads\/2025\/08\/plaidoyer_cooperation-300x300.jpg 300w, https:\/\/iwa-org.com\/wp-content\/uploads\/2025\/08\/plaidoyer_cooperation-150x150.jpg 150w, https:\/\/iwa-org.com\/wp-content\/uploads\/2025\/08\/plaidoyer_cooperation-12x12.jpg 12w\" sizes=\"(max-width: 500px) 100vw, 500px\" \/>\t\t\t\t\t\t\t\t\t\t\t\t\t\t\t<\/div>\n\t\t\t\t<div class=\"elementor-element elementor-element-222f049 elementor-widget-divider--view-line elementor-widget elementor-widget-divider\" data-id=\"222f049\" data-element_type=\"widget\" data-widget_type=\"divider.default\">\n\t\t\t\t\t\t\t<div class=\"elementor-divider\">\n\t\t\t<span class=\"elementor-divider-separator\">\n\t\t\t\t\t\t<\/span>\n\t\t<\/div>\n\t\t\t\t\t\t<\/div>\n\t\t\t\t<\/div>\n\t\t<div class=\"elementor-element elementor-element-408f552 e-con-full e-flex e-con e-child\" data-id=\"408f552\" data-element_type=\"container\">\n\t\t\t\t<div class=\"elementor-element elementor-element-ec73e71 elementor-widget elementor-widget-heading\" data-id=\"ec73e71\" data-element_type=\"widget\" data-widget_type=\"heading.default\">\n\t\t\t\t\t<h2 class=\"elementor-heading-title elementor-size-default\">Advocacy &amp; International Cooperation<\/h2>\t\t\t\t<\/div>\n\t\t\t\t<div class=\"elementor-element elementor-element-89ed744 elementor-widget elementor-widget-text-editor\" data-id=\"89ed744\" data-element_type=\"widget\" data-widget_type=\"text-editor.default\">\n\t\t\t\t\t\t\t\t\t<p><span style=\"font-weight: 400;\">Building bridges between Europe and Africa, promoting the exchange of ideas and experiences, and encouraging solutions tailored to local realities on both continents.<\/span><\/p><p><span style=\"font-weight: 400;\">This commitment stems from numerous interviews conducted by Rachel with decision-makers, opinion leaders, and experts, which fueled her interest in various international cooperation issues.<\/span><\/p>\t\t\t\t\t\t\t\t<\/div>\n\t\t\t\t<\/div>\n\t\t\t\t<\/div>\n\t\t<div class=\"elementor-element elementor-element-926b514 e-con-full e-flex e-con e-child\" data-id=\"926b514\" data-element_type=\"container\" data-settings=\"{&quot;background_background&quot;:&quot;classic&quot;}\">\n\t\t<div class=\"elementor-element elementor-element-2386e6e e-con-full e-flex e-con e-child\" data-id=\"2386e6e\" data-element_type=\"container\">\n\t\t\t\t<div class=\"elementor-element elementor-element-2a94d93 elementor-widget elementor-widget-image\" data-id=\"2a94d93\" data-element_type=\"widget\" data-widget_type=\"image.default\">\n\t\t\t\t\t\t\t\t\t\t\t\t\t\t\t<img loading=\"lazy\" decoding=\"async\" width=\"500\" height=\"500\" src=\"https:\/\/iwa-org.com\/wp-content\/uploads\/2025\/08\/solidarite_actions.jpg\" class=\"attachment-large size-large wp-image-418\" alt=\"\" srcset=\"https:\/\/iwa-org.com\/wp-content\/uploads\/2025\/08\/solidarite_actions.jpg 500w, https:\/\/iwa-org.com\/wp-content\/uploads\/2025\/08\/solidarite_actions-300x300.jpg 300w, https:\/\/iwa-org.com\/wp-content\/uploads\/2025\/08\/solidarite_actions-150x150.jpg 150w, https:\/\/iwa-org.com\/wp-content\/uploads\/2025\/08\/solidarite_actions-12x12.jpg 12w\" sizes=\"(max-width: 500px) 100vw, 500px\" \/>\t\t\t\t\t\t\t\t\t\t\t\t\t\t\t<\/div>\n\t\t\t\t<div class=\"elementor-element elementor-element-85def11 elementor-widget-divider--view-line elementor-widget elementor-widget-divider\" data-id=\"85def11\" data-element_type=\"widget\" data-widget_type=\"divider.default\">\n\t\t\t\t\t\t\t<div class=\"elementor-divider\">\n\t\t\t<span class=\"elementor-divider-separator\">\n\t\t\t\t\t\t<\/span>\n\t\t<\/div>\n\t\t\t\t\t\t<\/div>\n\t\t\t\t<\/div>\n\t\t<div class=\"elementor-element elementor-element-1cbdb76 e-con-full e-flex e-con e-child\" data-id=\"1cbdb76\" data-element_type=\"container\">\n\t\t\t\t<div class=\"elementor-element elementor-element-d022cc9 elementor-widget elementor-widget-heading\" data-id=\"d022cc9\" data-element_type=\"widget\" data-widget_type=\"heading.default\">\n\t\t\t\t\t<h2 class=\"elementor-heading-title elementor-size-default\">Solidarity &amp; Humanitarian Action<\/h2>\t\t\t\t<\/div>\n\t\t\t\t<div class=\"elementor-element elementor-element-54c6e93 elementor-widget elementor-widget-text-editor\" data-id=\"54c6e93\" data-element_type=\"widget\" data-widget_type=\"text-editor.default\">\n\t\t\t\t\t\t\t\t\t<p><span style=\"font-weight: 400;\">Provide practical support to people in precarious situations through direct action in the field (outreach work, distribution of school supplies, etc.).<\/span><\/p>\t\t\t\t\t\t\t\t<\/div>\n\t\t\t\t<\/div>\n\t\t\t\t<\/div>\n\t\t\t\t<\/div>\n\t\t\t\t<\/div>\n\t\t\t\t\t<\/div>\n\t\t\t\t<\/div>\n\t\t\t\t<\/div>","protected":false},"excerpt":{"rendered":"<p>Priorit\u00e9s strat\u00e9giques de l\u2019association \u00c9ducation &amp; Jeunesse Convaincue que l\u2019\u00e9ducation est la cl\u00e9 de tout d\u00e9veloppement, Rachel SUMBU y accorde une importance capitale. M\u00e8re de deux enfants et ayant elle-m\u00eame v\u00e9cu la parentalit\u00e9 pr\u00e9coce \u00e0 19 ans, elle conna\u00eet de pr\u00e8s les d\u00e9fis que cela repr\u00e9sente. Elle s\u2019engage ainsi \u00e0 sensibiliser la jeunesse aux enjeux [&hellip;]<\/p>\n","protected":false},"author":1,"featured_media":0,"parent":0,"menu_order":0,"comment_status":"closed","ping_status":"closed","template":"","meta":{"footnotes":""},"class_list":["post-48","page","type-page","status-publish","hentry"],"_links":{"self":[{"href":"https:\/\/iwa-org.com\/en\/wp-json\/wp\/v2\/pages\/48","targetHints":{"allow":["GET"]}}],"collection":[{"href":"https:\/\/iwa-org.com\/en\/wp-json\/wp\/v2\/pages"}],"about":[{"href":"https:\/\/iwa-org.com\/en\/wp-json\/wp\/v2\/types\/page"}],"author":[{"embeddable":true,"href":"https:\/\/iwa-org.com\/en\/wp-json\/wp\/v2\/users\/1"}],"replies":[{"embeddable":true,"href":"https:\/\/iwa-org.com\/en\/wp-json\/wp\/v2\/comments?post=48"}],"version-history":[{"count":235,"href":"https:\/\/iwa-org.com\/en\/wp-json\/wp\/v2\/pages\/48\/revisions"}],"predecessor-version":[{"id":1656,"href":"https:\/\/iwa-org.com\/en\/wp-json\/wp\/v2\/pages\/48\/revisions\/1656"}],"wp:attachment":[{"href":"https:\/\/iwa-org.com\/en\/wp-json\/wp\/v2\/media?parent=48"}],"curies":[{"name":"wp","href":"https:\/\/api.w.org\/{rel}","templated":true}]}}