{"id":46,"date":"2025-08-20T15:41:51","date_gmt":"2025-08-20T15:41:51","guid":{"rendered":"https:\/\/iwa-org.com\/?page_id=46"},"modified":"2025-12-26T12:10:07","modified_gmt":"2025-12-26T12:10:07","slug":"a-propos","status":"publish","type":"page","link":"https:\/\/iwa-org.com\/en\/a-propos\/","title":{"rendered":"About"},"content":{"rendered":"<div data-elementor-type=\"wp-page\" data-elementor-id=\"46\" class=\"elementor elementor-46\" data-elementor-post-type=\"page\">\n\t\t\t\t<div class=\"elementor-element elementor-element-952afa0 e-flex e-con-boxed e-con e-parent\" data-id=\"952afa0\" data-element_type=\"container\" data-settings=\"{&quot;background_background&quot;:&quot;classic&quot;}\">\n\t\t\t\t\t<div class=\"e-con-inner\">\n\t\t<div class=\"elementor-element elementor-element-f482ce8 e-con-full e-flex e-con e-child\" data-id=\"f482ce8\" data-element_type=\"container\">\n\t\t\t\t<div class=\"elementor-element elementor-element-4cfcf45 elementor-widget elementor-widget-heading\" data-id=\"4cfcf45\" data-element_type=\"widget\" data-widget_type=\"heading.default\">\n\t\t\t\t\t<h1 class=\"elementor-heading-title elementor-size-default\">About us<\/h1>\t\t\t\t<\/div>\n\t\t\t\t<div class=\"elementor-element elementor-element-3c528f0 iwa-breadcumb elementor-widget elementor-widget-shortcode\" data-id=\"3c528f0\" data-element_type=\"widget\" data-widget_type=\"shortcode.default\">\n\t\t\t\t\t\t\t<div class=\"elementor-shortcode\"><nav aria-label=\"breadcrumbs\" class=\"rank-math-breadcrumb\"><p><span class=\"last\">Home<\/span><\/p><\/nav><\/div>\n\t\t\t\t\t\t<\/div>\n\t\t\t\t<\/div>\n\t\t\t\t\t<\/div>\n\t\t\t\t<\/div>\n\t\t<div class=\"elementor-element elementor-element-5840e46d e-flex e-con-boxed e-con e-parent\" data-id=\"5840e46d\" data-element_type=\"container\" data-settings=\"{&quot;background_background&quot;:&quot;classic&quot;}\">\n\t\t\t\t\t<div class=\"e-con-inner\">\n\t\t<div class=\"elementor-element elementor-element-76afb38e e-con-full e-flex e-con e-child\" data-id=\"76afb38e\" data-element_type=\"container\" data-settings=\"{&quot;background_background&quot;:&quot;classic&quot;}\">\n\t\t\t\t<\/div>\n\t\t<div class=\"elementor-element elementor-element-4577f412 e-con-full e-flex e-con e-child\" data-id=\"4577f412\" data-element_type=\"container\">\n\t\t\t\t<div class=\"elementor-element elementor-element-17cfdaf elementor-blockquote--skin-quotation elementor-widget elementor-widget-blockquote\" data-id=\"17cfdaf\" data-element_type=\"widget\" data-widget_type=\"blockquote.default\">\n\t\t\t\t\t\t\t<blockquote class=\"elementor-blockquote\">\n\t\t\t<p class=\"elementor-blockquote__content\">\n\t\t\t\tAt I Will Arise, we believe that education, confidence, and access to strong role models can transform a trajectory.\t\t\t<\/p>\n\t\t\t\t\t\t\t<div class=\"e-q-footer\">\n\t\t\t\t\t\t\t\t\t\t\t<cite class=\"elementor-blockquote__author\">Rachel SUMBU<\/cite>\n\t\t\t\t\t\t\t\t\t\t\t\t\t\t<\/div>\n\t\t\t\t\t<\/blockquote>\n\t\t\t\t\t\t<\/div>\n\t\t\t\t<\/div>\n\t\t\t\t\t<\/div>\n\t\t\t\t<\/div>\n\t\t<div class=\"elementor-element elementor-element-5002e6f6 e-flex e-con-boxed e-con e-parent\" data-id=\"5002e6f6\" data-element_type=\"container\" data-settings=\"{&quot;background_background&quot;:&quot;classic&quot;}\">\n\t\t\t\t\t<div class=\"e-con-inner\">\n\t\t<div class=\"elementor-element elementor-element-4f72e73d e-con-full e-flex e-con e-child\" data-id=\"4f72e73d\" data-element_type=\"container\">\n\t\t\t\t<div class=\"elementor-element elementor-element-327f8d9 elementor-invisible elementor-widget elementor-widget-heading\" data-id=\"327f8d9\" data-element_type=\"widget\" data-settings=\"{&quot;_animation&quot;:&quot;fadeIn&quot;}\" data-widget_type=\"heading.default\">\n\t\t\t\t\t<h2 class=\"elementor-heading-title elementor-size-default\">Originally<\/h2>\t\t\t\t<\/div>\n\t\t\t\t<div class=\"elementor-element elementor-element-4476e4a9 elementor-widget elementor-widget-text-editor\" data-id=\"4476e4a9\" data-element_type=\"widget\" data-widget_type=\"text-editor.default\">\n\t\t\t\t\t\t\t\t\t<p class=\"translation-block\"><b>I Will Arise<\/b><span style=\"font-weight: 400\"> is an international association operating between Europe and Africa, dedicated to empowering young people, developing female leadership, and strengthening ties of cooperation between the two continents.<\/p><p><span style=\"font-weight: 400;\">It was born out of a mindset, a deep conviction:<\/span><\/p><p><i><span style=\"font-weight: 400;\">No matter what my current situation is, tomorrow I will get up and move forward.<\/span><\/i><\/p><p class=\"translation-block\"><span style=\"font-weight: 400\">Founded in 2022 by <\/span><b>Rachel Sumbu<\/b><span style=\"font-weight: 400\">, a Franco-Congolese journalist <\/span><span style=\"font-weight: 400\">activist, moderator, and public relations consultant, <\/span><span style=\"font-weight: 400\">the association draws inspiration from her career marked by resilience, social commitment, and a strong interest in international cooperation. Rachel knows from experience that believing in yourself and having support can change your life.<\/p>\t\t\t\t\t\t\t\t<\/div>\n\t\t\t\t<\/div>\n\t\t\t\t\t<\/div>\n\t\t\t\t<\/div>\n\t\t<div class=\"elementor-element elementor-element-eee2059 e-flex e-con-boxed e-con e-parent\" data-id=\"eee2059\" data-element_type=\"container\" data-settings=\"{&quot;background_background&quot;:&quot;classic&quot;}\">\n\t\t\t\t\t<div class=\"e-con-inner\">\n\t\t<div class=\"elementor-element elementor-element-96c3afb e-con-full e-flex e-con e-child\" data-id=\"96c3afb\" data-element_type=\"container\">\n\t\t\t\t<div class=\"elementor-element elementor-element-ba0ef77 elementor-invisible elementor-widget elementor-widget-heading\" data-id=\"ba0ef77\" data-element_type=\"widget\" data-settings=\"{&quot;_animation&quot;:&quot;fadeIn&quot;}\" data-widget_type=\"heading.default\">\n\t\t\t\t\t<h2 class=\"elementor-heading-title elementor-size-default\">The vision<\/h2>\t\t\t\t<\/div>\n\t\t\t\t<div class=\"elementor-element elementor-element-7f1f6ba elementor-invisible elementor-widget elementor-widget-heading\" data-id=\"7f1f6ba\" data-element_type=\"widget\" data-settings=\"{&quot;_animation&quot;:&quot;fadeIn&quot;}\" data-widget_type=\"heading.default\">\n\t\t\t\t\t<h3 class=\"elementor-heading-title elementor-size-default\">Get up \u2013 Believe in yourself \u2013 Chart your course<\/h3>\t\t\t\t<\/div>\n\t\t\t\t<div class=\"elementor-element elementor-element-57655d2 elementor-widget elementor-widget-text-editor\" data-id=\"57655d2\" data-element_type=\"widget\" data-widget_type=\"text-editor.default\">\n\t\t\t\t\t\t\t\t\t<p><span style=\"font-weight: 400;\">Every young person and every woman deserves the tools, support, and confidence necessary to take their place in society and reach their full potential.\u00a0<\/span><\/p>\t\t\t\t\t\t\t\t<\/div>\n\t\t\t\t<\/div>\n\t\t<div class=\"elementor-element elementor-element-b501313 e-con-full e-flex e-con e-child\" data-id=\"b501313\" data-element_type=\"container\" data-settings=\"{&quot;background_background&quot;:&quot;classic&quot;}\">\n\t\t\t\t<\/div>\n\t\t\t\t\t<\/div>\n\t\t\t\t<\/div>\n\t\t\t\t<\/div>","protected":false},"excerpt":{"rendered":"<p>I Will Arise \u2013 \u00c0 propos Chez I Will Arise, nous croyons que l\u2019\u00e9ducation, la confiance et l\u2019acc\u00e8s \u00e0 des rep\u00e8res solides peuvent transformer une trajectoire Rachel SUMBU \u00c0 l\u2019origine I Will Arise est une association internationale agissant entre l\u2019Europe et l\u2019Afrique, d\u00e9di\u00e9e \u00e0 l\u2019autonomisation des jeunes, au d\u00e9veloppement du leadership f\u00e9minin et au renforcement [&hellip;]<\/p>\n","protected":false},"author":1,"featured_media":0,"parent":0,"menu_order":0,"comment_status":"closed","ping_status":"closed","template":"","meta":{"footnotes":""},"class_list":["post-46","page","type-page","status-publish","hentry"],"_links":{"self":[{"href":"https:\/\/iwa-org.com\/en\/wp-json\/wp\/v2\/pages\/46","targetHints":{"allow":["GET"]}}],"collection":[{"href":"https:\/\/iwa-org.com\/en\/wp-json\/wp\/v2\/pages"}],"about":[{"href":"https:\/\/iwa-org.com\/en\/wp-json\/wp\/v2\/types\/page"}],"author":[{"embeddable":true,"href":"https:\/\/iwa-org.com\/en\/wp-json\/wp\/v2\/users\/1"}],"replies":[{"embeddable":true,"href":"https:\/\/iwa-org.com\/en\/wp-json\/wp\/v2\/comments?post=46"}],"version-history":[{"count":118,"href":"https:\/\/iwa-org.com\/en\/wp-json\/wp\/v2\/pages\/46\/revisions"}],"predecessor-version":[{"id":2372,"href":"https:\/\/iwa-org.com\/en\/wp-json\/wp\/v2\/pages\/46\/revisions\/2372"}],"wp:attachment":[{"href":"https:\/\/iwa-org.com\/en\/wp-json\/wp\/v2\/media?parent=46"}],"curies":[{"name":"wp","href":"https:\/\/api.w.org\/{rel}","templated":true}]}}