{"id":3,"date":"2025-08-12T21:42:29","date_gmt":"2025-08-12T21:42:29","guid":{"rendered":"https:\/\/iwa-org.com\/?page_id=3"},"modified":"2025-09-03T06:58:22","modified_gmt":"2025-09-03T06:58:22","slug":"politique-de-confidentialite","status":"publish","type":"page","link":"https:\/\/iwa-org.com\/en\/politique-de-confidentialite\/","title":{"rendered":"Privacy Policy"},"content":{"rendered":"\t\t<div data-elementor-type=\"wp-page\" data-elementor-id=\"3\" class=\"elementor elementor-3\" data-elementor-post-type=\"page\">\n\t\t\t\t<div class=\"elementor-element elementor-element-dfe04db e-flex e-con-boxed e-con e-parent\" data-id=\"dfe04db\" data-element_type=\"container\" data-settings=\"{&quot;background_background&quot;:&quot;classic&quot;}\">\n\t\t\t\t\t<div class=\"e-con-inner\">\n\t\t<div class=\"elementor-element elementor-element-70600d4 e-con-full e-flex e-con e-child\" data-id=\"70600d4\" data-element_type=\"container\">\n\t\t\t\t<div class=\"elementor-element elementor-element-232a831 elementor-widget elementor-widget-heading\" data-id=\"232a831\" data-element_type=\"widget\" data-widget_type=\"heading.default\">\n\t\t\t\t\t<h1 class=\"elementor-heading-title elementor-size-default\">Politiques de confidentialit\u00e9<\/h1>\t\t\t\t<\/div>\n\t\t\t\t<div class=\"elementor-element elementor-element-b0dc35c iwa-breadcumb elementor-widget elementor-widget-shortcode\" data-id=\"b0dc35c\" data-element_type=\"widget\" data-widget_type=\"shortcode.default\">\n\t\t\t\t\t\t\t<div class=\"elementor-shortcode\"><nav aria-label=\"breadcrumbs\" class=\"rank-math-breadcrumb\"><p><span class=\"last\">Accueil<\/span><\/p><\/nav><\/div>\n\t\t\t\t\t\t<\/div>\n\t\t\t\t<\/div>\n\t\t\t\t\t<\/div>\n\t\t\t\t<\/div>\n\t\t<div class=\"elementor-element elementor-element-69143df e-flex e-con-boxed e-con e-parent\" data-id=\"69143df\" data-element_type=\"container\">\n\t\t\t\t\t<div class=\"e-con-inner\">\n\t\t<div class=\"elementor-element elementor-element-9024009 e-con-full e-flex e-con e-child\" data-id=\"9024009\" data-element_type=\"container\">\n\t\t\t\t<div class=\"elementor-element elementor-element-5da2b96d elementor-widget elementor-widget-text-editor\" data-id=\"5da2b96d\" data-element_type=\"widget\" data-widget_type=\"text-editor.default\">\n\t\t\t\t\t\t\t\t\t\n<h2 class=\"wp-block-heading\">Qui sommes-nous<\/h2>\n<p>\u00a0L\u2019adresse de notre site web est : https:\/\/iwa-org.com.<\/p>\n<h2 class=\"wp-block-heading\"><br \/>Collecte de donn\u00e9es<\/h2>\n<p>Le site Collectif Femmes Unies peut collecter des donn\u00e9es personnelles via :<\/p>\n<ul>\n<li>Le formulaire de contact<\/li>\n<li>Les formulaires d\u2019adh\u00e9sion ou d\u2019inscription<\/li>\n<li>La navigation (cookies)<br \/><br \/><\/li>\n<\/ul>\n<p>Les donn\u00e9es collect\u00e9es sont utilis\u00e9es uniquement pour :<\/p>\n<ul>\n<li>R\u00e9pondre \u00e0 vos demandes<\/li>\n<li>G\u00e9rer les adh\u00e9sions et partenariats<\/li>\n<li>Am\u00e9liorer la navigation et les services du site<br \/><br \/><\/li>\n<\/ul>\n<p>Vos donn\u00e9es ne sont pas vendues \u00e0 des tiers. Elles peuvent \u00eatre partag\u00e9es avec :<\/p>\n<ul>\n<li>Des prestataires techniques (h\u00e9bergeur, service de mailing)<\/li>\n<li>Des autorit\u00e9s si obligation l\u00e9gale<\/li>\n<\/ul>\n<h2 class=\"wp-block-heading\"><br \/>Responsable du traitement<\/h2>\n<p>\u00a0<\/p>\n<p>Le responsable du traitement des donn\u00e9es est :\u00a0<strong>I Will Arise Asso<\/strong><br \/>Email : contact[at]iwa-org.com<\/p>\n<h2 class=\"wp-block-heading\"><br \/>Droits RGPD<\/h2>\n<p>Conform\u00e9ment \u00e0 la r\u00e9glementation (RGPD), vous pouvez :<\/p>\n<ul>\n<li>Acc\u00e9der \u00e0 vos donn\u00e9es<\/li>\n<li>Les rectifier ou les supprimer<\/li>\n<li>Retirer votre consentement<\/li>\n<li>Porter une r\u00e9clamation aupr\u00e8s de la CNIL<\/li>\n<\/ul>\n<p>Pour exercer vos droits, contactez : contact[at]iwa-org.com].<\/p>\n<h2 class=\"wp-block-heading\"><br \/>Conservation des donn\u00e9es<\/h2>\n<p>Les donn\u00e9es sont conserv\u00e9es pendant une dur\u00e9e n\u2019exc\u00e9dant pas celle n\u00e9cessaire aux finalit\u00e9s pour lesquelles elles sont trait\u00e9es.<\/p>\t\t\t\t\t\t\t\t<\/div>\n\t\t\t\t<\/div>\n\t\t\t\t\t<\/div>\n\t\t\t\t<\/div>\n\t\t\t\t<\/div>\n\t\t","protected":false},"excerpt":{"rendered":"<p>Politiques de confidentialit\u00e9 Qui sommes-nous \u00a0L\u2019adresse de notre site web est : https:\/\/iwa-org.com. Collecte de donn\u00e9es Le site Collectif Femmes Unies peut collecter des donn\u00e9es personnelles via : Le formulaire de contact Les formulaires d\u2019adh\u00e9sion ou d\u2019inscription La navigation (cookies) Les donn\u00e9es collect\u00e9es sont utilis\u00e9es uniquement pour : R\u00e9pondre \u00e0 vos demandes G\u00e9rer les adh\u00e9sions [&hellip;]<\/p>\n","protected":false},"author":1,"featured_media":0,"parent":0,"menu_order":0,"comment_status":"closed","ping_status":"closed","template":"","meta":{"footnotes":""},"class_list":["post-3","page","type-page","status-publish","hentry"],"_links":{"self":[{"href":"https:\/\/iwa-org.com\/en\/wp-json\/wp\/v2\/pages\/3","targetHints":{"allow":["GET"]}}],"collection":[{"href":"https:\/\/iwa-org.com\/en\/wp-json\/wp\/v2\/pages"}],"about":[{"href":"https:\/\/iwa-org.com\/en\/wp-json\/wp\/v2\/types\/page"}],"author":[{"embeddable":true,"href":"https:\/\/iwa-org.com\/en\/wp-json\/wp\/v2\/users\/1"}],"replies":[{"embeddable":true,"href":"https:\/\/iwa-org.com\/en\/wp-json\/wp\/v2\/comments?post=3"}],"version-history":[{"count":7,"href":"https:\/\/iwa-org.com\/en\/wp-json\/wp\/v2\/pages\/3\/revisions"}],"predecessor-version":[{"id":1616,"href":"https:\/\/iwa-org.com\/en\/wp-json\/wp\/v2\/pages\/3\/revisions\/1616"}],"wp:attachment":[{"href":"https:\/\/iwa-org.com\/en\/wp-json\/wp\/v2\/media?parent=3"}],"curies":[{"name":"wp","href":"https:\/\/api.w.org\/{rel}","templated":true}]}}