{"id":2263,"date":"2025-12-07T15:17:45","date_gmt":"2025-12-07T15:17:45","guid":{"rendered":"https:\/\/iwa-org.com\/?page_id=2263"},"modified":"2025-12-07T17:03:10","modified_gmt":"2025-12-07T17:03:10","slug":"sessions-individuelles-personnalisees","status":"publish","type":"page","link":"https:\/\/iwa-org.com\/en\/initiatives-phares\/sessions-individuelles-personnalisees\/","title":{"rendered":"Tailored one-on-one sessions"},"content":{"rendered":"<div data-elementor-type=\"wp-page\" data-elementor-id=\"2263\" class=\"elementor elementor-2263\" data-elementor-post-type=\"page\">\n\t\t\t\t<div class=\"elementor-element elementor-element-b361e4e e-flex e-con-boxed e-con e-parent\" data-id=\"b361e4e\" data-element_type=\"container\" data-settings=\"{&quot;background_background&quot;:&quot;classic&quot;}\">\n\t\t\t\t\t<div class=\"e-con-inner\">\n\t\t<div class=\"elementor-element elementor-element-c4cba17 e-con-full e-flex e-con e-child\" data-id=\"c4cba17\" data-element_type=\"container\">\n\t\t\t\t<div class=\"elementor-element elementor-element-4fcb227 elementor-widget elementor-widget-heading\" data-id=\"4fcb227\" data-element_type=\"widget\" data-widget_type=\"heading.default\">\n\t\t\t\t\t<h1 class=\"elementor-heading-title elementor-size-default\">Tailored one-on-one sessions<\/h1>\t\t\t\t<\/div>\n\t\t\t\t<div class=\"elementor-element elementor-element-b55e627 iwa-breadcumb elementor-widget elementor-widget-shortcode\" data-id=\"b55e627\" data-element_type=\"widget\" data-widget_type=\"shortcode.default\">\n\t\t\t\t\t\t\t<div class=\"elementor-shortcode\"><nav aria-label=\"breadcrumbs\" class=\"rank-math-breadcrumb\"><p><span class=\"last\">Home<\/span><\/p><\/nav><\/div>\n\t\t\t\t\t\t<\/div>\n\t\t\t\t<\/div>\n\t\t\t\t\t<\/div>\n\t\t\t\t<\/div>\n\t\t<div class=\"elementor-element elementor-element-5274d31 e-flex e-con-boxed e-con e-parent\" data-id=\"5274d31\" data-element_type=\"container\">\n\t\t\t\t\t<div class=\"e-con-inner\">\n\t\t<div class=\"elementor-element elementor-element-eeffdfa e-con-full e-flex e-con e-child\" data-id=\"eeffdfa\" data-element_type=\"container\">\n\t\t<div class=\"elementor-element elementor-element-2ec2d52 e-con-full e-flex e-con e-child\" data-id=\"2ec2d52\" data-element_type=\"container\" data-settings=\"{&quot;background_background&quot;:&quot;classic&quot;}\">\n\t\t\t\t<div class=\"elementor-element elementor-element-6684534 elementor-widget elementor-widget-heading\" data-id=\"6684534\" data-element_type=\"widget\" data-widget_type=\"heading.default\">\n\t\t\t\t\t<h2 class=\"elementor-heading-title elementor-size-default\">Tailored one-on-one sessions<\/h2>\t\t\t\t<\/div>\n\t\t\t\t<div class=\"elementor-element elementor-element-2ad342c elementor-widget elementor-widget-text-editor\" data-id=\"2ad342c\" data-element_type=\"widget\" data-widget_type=\"text-editor.default\">\n\t\t\t\t\t\t\t\t\t<p class=\"translation-block\">The association offers individual mentoring sessions as well as group master classes taught by experts, for personal, professional, and entrepreneurial development.<\/p><p><span style=\"font-weight: 400;\">These individual sessions are designed to support each mentee in their professional development. They provide an opportunity to clarify or restructure their plans, develop a concrete action plan to achieve short-term goals, and define or strengthen their positioning in their field of expertise.<\/span><\/p>\t\t\t\t\t\t\t\t<\/div>\n\t\t\t\t<\/div>\n\t\t<div class=\"elementor-element elementor-element-3a742ce e-con-full e-flex e-con e-child\" data-id=\"3a742ce\" data-element_type=\"container\" data-settings=\"{&quot;background_background&quot;:&quot;classic&quot;}\">\n\t\t\t\t<\/div>\n\t\t\t\t<\/div>\n\t\t\t\t\t<\/div>\n\t\t\t\t<\/div>\n\t\t\t\t<\/div>","protected":false},"excerpt":{"rendered":"<p>Sessions individuelles personnalis\u00e9es Sessions individuelles personnalis\u00e9es L\u2019association propose des sessions de mentorat individuelles ainsi que des master classes collectives dispens\u00e9es par des experts, pour le d\u00e9veloppement personnel, professionnel et entrepreneurial. Ces sessions individuelles sont con\u00e7ues pour accompagner chaque mentor\u00e9 dans son parcours professionnel. Elles permettent de clarifier ou restructurer leur projet, d\u2019\u00e9laborer un plan d\u2019action [&hellip;]<\/p>\n","protected":false},"author":1,"featured_media":0,"parent":50,"menu_order":0,"comment_status":"closed","ping_status":"closed","template":"","meta":{"footnotes":""},"class_list":["post-2263","page","type-page","status-publish","hentry"],"_links":{"self":[{"href":"https:\/\/iwa-org.com\/en\/wp-json\/wp\/v2\/pages\/2263","targetHints":{"allow":["GET"]}}],"collection":[{"href":"https:\/\/iwa-org.com\/en\/wp-json\/wp\/v2\/pages"}],"about":[{"href":"https:\/\/iwa-org.com\/en\/wp-json\/wp\/v2\/types\/page"}],"author":[{"embeddable":true,"href":"https:\/\/iwa-org.com\/en\/wp-json\/wp\/v2\/users\/1"}],"replies":[{"embeddable":true,"href":"https:\/\/iwa-org.com\/en\/wp-json\/wp\/v2\/comments?post=2263"}],"version-history":[{"count":16,"href":"https:\/\/iwa-org.com\/en\/wp-json\/wp\/v2\/pages\/2263\/revisions"}],"predecessor-version":[{"id":2297,"href":"https:\/\/iwa-org.com\/en\/wp-json\/wp\/v2\/pages\/2263\/revisions\/2297"}],"up":[{"embeddable":true,"href":"https:\/\/iwa-org.com\/en\/wp-json\/wp\/v2\/pages\/50"}],"wp:attachment":[{"href":"https:\/\/iwa-org.com\/en\/wp-json\/wp\/v2\/media?parent=2263"}],"curies":[{"name":"wp","href":"https:\/\/api.w.org\/{rel}","templated":true}]}}