{"id":1608,"date":"2025-09-03T07:02:17","date_gmt":"2025-09-03T07:02:17","guid":{"rendered":"https:\/\/iwa-org.com\/?page_id=1608"},"modified":"2025-09-03T07:04:23","modified_gmt":"2025-09-03T07:04:23","slug":"mentions-legales","status":"publish","type":"page","link":"https:\/\/iwa-org.com\/en\/mentions-legales\/","title":{"rendered":"Legal notices"},"content":{"rendered":"\t\t<div data-elementor-type=\"wp-page\" data-elementor-id=\"1608\" class=\"elementor elementor-1608\" data-elementor-post-type=\"page\">\n\t\t\t\t<div class=\"elementor-element elementor-element-fa84e9d e-flex e-con-boxed e-con e-parent\" data-id=\"fa84e9d\" data-element_type=\"container\">\n\t\t\t\t\t<div class=\"e-con-inner\">\n\t\t<div class=\"elementor-element elementor-element-94db329 e-con-full e-flex e-con e-child\" data-id=\"94db329\" data-element_type=\"container\">\n\t\t\t\t<div class=\"elementor-element elementor-element-8728c5d elementor-widget elementor-widget-text-editor\" data-id=\"8728c5d\" data-element_type=\"widget\" data-widget_type=\"text-editor.default\">\n\t\t\t\t\t\t\t\t\t<h2 class=\"wp-block-heading\"><strong>\u00c9diteur du site<\/strong><\/h2><p>Le site https:\/\/iwa-org.com est \u00e9dit\u00e9 par :<br \/>I Will Arise Asso<br \/>Email : iwillarise.org@gmail.com<br \/>Responsable de la publication : I Will Arise Asso<\/p><h2 class=\"wp-block-heading\"><strong>H\u00e9bergement<\/strong><\/h2><p>Le site est h\u00e9berg\u00e9 par : IONOS SARL, soci\u00e9t\u00e9 priv\u00e9e \u00e0 responsabilit\u00e9 limit\u00e9e de France, dont l\u2019adresse est 7, place de la Gare, BP 70109, 57200 Sarreguemines Cedex, France<\/p><p>Le responsable du traitement des donn\u00e9es est : <strong>I Will Arise Asso<\/strong><br \/>Email : contact[at]collectiffemmesunies.com<\/p><h2 class=\"wp-block-heading\"><strong>Cr\u00e9dits<\/strong><\/h2><p>Cr\u00e9ation et d\u00e9veloppement du site : PEDHEL (<a href=\"https:\/\/pedhel.com\/?src=cfu\" target=\"_blank\" rel=\"noopener\" data-wplink-url-error=\"true\">www.pedhel.com<\/a>)<br \/><br \/><\/p><h2 class=\"wp-block-heading\"><strong>Propri\u00e9t\u00e9 intellectuelle<\/strong><\/h2><p>Tous les contenus (textes, images, logos, etc.) pr\u00e9sents sur ce site sont la propri\u00e9t\u00e9 exclusive du I Will Arise Asso, sauf mention contraire.<br \/>Toute reproduction ou utilisation sans autorisation est interdite.<\/p>\t\t\t\t\t\t\t\t<\/div>\n\t\t\t\t<\/div>\n\t\t\t\t\t<\/div>\n\t\t\t\t<\/div>\n\t\t\t\t<\/div>\n\t\t","protected":false},"excerpt":{"rendered":"<p>\u00c9diteur du site Le site https:\/\/iwa-org.com est \u00e9dit\u00e9 par :I Will Arise AssoEmail : iwillarise.org@gmail.comResponsable de la publication : I Will Arise Asso H\u00e9bergement Le site est h\u00e9berg\u00e9 par : IONOS SARL, soci\u00e9t\u00e9 priv\u00e9e \u00e0 responsabilit\u00e9 limit\u00e9e de France, dont l\u2019adresse est 7, place de la Gare, BP 70109, 57200 Sarreguemines Cedex, France Le responsable [&hellip;]<\/p>\n","protected":false},"author":1,"featured_media":0,"parent":0,"menu_order":0,"comment_status":"closed","ping_status":"closed","template":"","meta":{"footnotes":""},"class_list":["post-1608","page","type-page","status-publish","hentry"],"_links":{"self":[{"href":"https:\/\/iwa-org.com\/en\/wp-json\/wp\/v2\/pages\/1608","targetHints":{"allow":["GET"]}}],"collection":[{"href":"https:\/\/iwa-org.com\/en\/wp-json\/wp\/v2\/pages"}],"about":[{"href":"https:\/\/iwa-org.com\/en\/wp-json\/wp\/v2\/types\/page"}],"author":[{"embeddable":true,"href":"https:\/\/iwa-org.com\/en\/wp-json\/wp\/v2\/users\/1"}],"replies":[{"embeddable":true,"href":"https:\/\/iwa-org.com\/en\/wp-json\/wp\/v2\/comments?post=1608"}],"version-history":[{"count":4,"href":"https:\/\/iwa-org.com\/en\/wp-json\/wp\/v2\/pages\/1608\/revisions"}],"predecessor-version":[{"id":1619,"href":"https:\/\/iwa-org.com\/en\/wp-json\/wp\/v2\/pages\/1608\/revisions\/1619"}],"wp:attachment":[{"href":"https:\/\/iwa-org.com\/en\/wp-json\/wp\/v2\/media?parent=1608"}],"curies":[{"name":"wp","href":"https:\/\/api.w.org\/{rel}","templated":true}]}}