{"id":1242,"date":"2025-09-02T13:32:06","date_gmt":"2025-09-02T13:32:06","guid":{"rendered":"https:\/\/iwa-org.com\/?page_id=1242"},"modified":"2025-09-05T14:57:49","modified_gmt":"2025-09-05T14:57:49","slug":"actions-humanitaires","status":"publish","type":"page","link":"https:\/\/iwa-org.com\/en\/initiatives-phares\/actions-humanitaires\/","title":{"rendered":"Humanitarian actions"},"content":{"rendered":"<div data-elementor-type=\"wp-page\" data-elementor-id=\"1242\" class=\"elementor elementor-1242\" data-elementor-post-type=\"page\">\n\t\t\t\t<div class=\"elementor-element elementor-element-735573d e-flex e-con-boxed e-con e-parent\" data-id=\"735573d\" data-element_type=\"container\" data-settings=\"{&quot;background_background&quot;:&quot;classic&quot;}\">\n\t\t\t\t\t<div class=\"e-con-inner\">\n\t\t\t\t\t<\/div>\n\t\t\t\t<\/div>\n\t\t<div class=\"elementor-element elementor-element-7366844 e-con-full e-flex e-con e-parent\" data-id=\"7366844\" data-element_type=\"container\" data-settings=\"{&quot;background_background&quot;:&quot;classic&quot;}\">\n\t\t<div class=\"elementor-element elementor-element-a4f9c12 e-con-full e-flex e-con e-child\" data-id=\"a4f9c12\" data-element_type=\"container\" data-settings=\"{&quot;background_background&quot;:&quot;classic&quot;}\">\n\t\t\t\t<div class=\"elementor-element elementor-element-243685e elementor-widget elementor-widget-heading\" data-id=\"243685e\" data-element_type=\"widget\" data-widget_type=\"heading.default\">\n\t\t\t\t\t<h1 class=\"elementor-heading-title elementor-size-default\">Humanitarian actions<\/h1>\t\t\t\t<\/div>\n\t\t\t\t<div class=\"elementor-element elementor-element-1370951 elementor-widget__width-initial elementor-widget elementor-widget-text-editor\" data-id=\"1370951\" data-element_type=\"widget\" data-widget_type=\"text-editor.default\">\n\t\t\t\t\t\t\t\t\t<p data-start=\"1645\" data-end=\"1915\">Our humanitarian actions are designed to meet the basic needs of the most vulnerable people. We believe that even a simple gesture of solidarity can have a real impact on the lives of those in need.<\/p>\t\t\t\t\t\t\t\t<\/div>\n\t\t<div class=\"elementor-element elementor-element-1528e63 e-con-full e-flex e-con e-child\" data-id=\"1528e63\" data-element_type=\"container\">\n\t\t<div class=\"elementor-element elementor-element-a3bbfbd e-con-full e-flex e-con e-child\" data-id=\"a3bbfbd\" data-element_type=\"container\" data-settings=\"{&quot;background_background&quot;:&quot;classic&quot;}\">\n\t\t\t\t<div class=\"elementor-element elementor-element-90ccdc8 elementor-widget elementor-widget-heading\" data-id=\"90ccdc8\" data-element_type=\"widget\" data-widget_type=\"heading.default\">\n\t\t\t\t\t<h2 class=\"elementor-heading-title elementor-size-default\">Outreach and charity collections<\/h2>\t\t\t\t<\/div>\n\t\t\t\t<div class=\"elementor-element elementor-element-194a625 elementor-icon-list--layout-traditional elementor-list-item-link-full_width elementor-widget elementor-widget-icon-list\" data-id=\"194a625\" data-element_type=\"widget\" data-widget_type=\"icon-list.default\">\n\t\t\t\t\t\t\t<ul class=\"elementor-icon-list-items\">\n\t\t\t\t\t\t\t<li class=\"elementor-icon-list-item\">\n\t\t\t\t\t\t\t\t\t\t\t<span class=\"elementor-icon-list-icon\">\n\t\t\t\t\t\t\t<svg xmlns=\"http:\/\/www.w3.org\/2000\/svg\" id=\"Bold\" viewbox=\"0 0 24 24\" width=\"512\" height=\"512\"><path d=\"M15.75,9.525,11.164,4.939A1.5,1.5,0,0,0,9.043,7.061l4.586,4.585a.5.5,0,0,1,0,.708L9.043,16.939a1.5,1.5,0,0,0,2.121,2.122l4.586-4.586A3.505,3.505,0,0,0,15.75,9.525Z\"><\/path><\/svg>\t\t\t\t\t\t<\/span>\n\t\t\t\t\t\t\t\t\t\t<span class=\"elementor-icon-list-text\">Distribution of meals, clothing, and hygiene products.<\/span>\n\t\t\t\t\t\t\t\t\t<\/li>\n\t\t\t\t\t\t\t\t<li class=\"elementor-icon-list-item\">\n\t\t\t\t\t\t\t\t\t\t\t<span class=\"elementor-icon-list-icon\">\n\t\t\t\t\t\t\t<svg xmlns=\"http:\/\/www.w3.org\/2000\/svg\" id=\"Bold\" viewbox=\"0 0 24 24\" width=\"512\" height=\"512\"><path d=\"M15.75,9.525,11.164,4.939A1.5,1.5,0,0,0,9.043,7.061l4.586,4.585a.5.5,0,0,1,0,.708L9.043,16.939a1.5,1.5,0,0,0,2.121,2.122l4.586-4.586A3.505,3.505,0,0,0,15.75,9.525Z\"><\/path><\/svg>\t\t\t\t\t\t<\/span>\n\t\t\t\t\t\t\t\t\t\t<span class=\"elementor-icon-list-text\">Food drives, school supplies, and basic necessities.<\/span>\n\t\t\t\t\t\t\t\t\t<\/li>\n\t\t\t\t\t\t\t\t<li class=\"elementor-icon-list-item\">\n\t\t\t\t\t\t\t\t\t\t\t<span class=\"elementor-icon-list-icon\">\n\t\t\t\t\t\t\t<svg xmlns=\"http:\/\/www.w3.org\/2000\/svg\" id=\"Bold\" viewbox=\"0 0 24 24\" width=\"512\" height=\"512\"><path d=\"M15.75,9.525,11.164,4.939A1.5,1.5,0,0,0,9.043,7.061l4.586,4.585a.5.5,0,0,1,0,.708L9.043,16.939a1.5,1.5,0,0,0,2.121,2.122l4.586-4.586A3.505,3.505,0,0,0,15.75,9.525Z\"><\/path><\/svg>\t\t\t\t\t\t<\/span>\n\t\t\t\t\t\t\t\t\t\t<span class=\"elementor-icon-list-text\">Moments of listening and human support.<\/span>\n\t\t\t\t\t\t\t\t\t<\/li>\n\t\t\t\t\t\t<\/ul>\n\t\t\t\t\t\t<\/div>\n\t\t\t\t<\/div>\n\t\t<div class=\"elementor-element elementor-element-16e9f94 e-con-full elementor-hidden-desktop elementor-hidden-tablet elementor-hidden-mobile e-flex e-con e-child\" data-id=\"16e9f94\" data-element_type=\"container\" data-settings=\"{&quot;background_background&quot;:&quot;classic&quot;}\">\n\t\t\t\t<\/div>\n\t\t\t\t<\/div>\n\t\t\t\t<\/div>\n\t\t\t\t<div class=\"elementor-element elementor-element-d6e758b elementor-widget elementor-widget-button\" data-id=\"d6e758b\" data-element_type=\"widget\" data-widget_type=\"button.default\">\n\t\t\t\t\t\t\t\t\t\t<a class=\"elementor-button elementor-button-link elementor-size-sm\" href=\"#\">\n\t\t\t\t\t\t<span class=\"elementor-button-content-wrapper\">\n\t\t\t\t\t\t\t\t\t<span class=\"elementor-button-text\">Make a donation<\/span>\n\t\t\t\t\t<\/span>\n\t\t\t\t\t<\/a>\n\t\t\t\t\t\t\t\t<\/div>\n\t\t\t\t<\/div>\n\t\t\t\t<\/div>","protected":false},"excerpt":{"rendered":"<p>Actions humanitaires Nos actions humanitaires sont destin\u00e9es \u00e0 r\u00e9pondre aux besoins essentiels des personnes les plus vuln\u00e9rables. Nous croyons qu\u2019un geste solidaire, m\u00eame simple, peut avoir un impact r\u00e9el dans la vie de ceux qui en ont besoin. Maraudes et collectes solidaires Distribution de repas, v\u00eatements et produits d\u2019hygi\u00e8ne. Collectes de nourriture, fournitures scolaires et [&hellip;]<\/p>\n","protected":false},"author":1,"featured_media":0,"parent":50,"menu_order":0,"comment_status":"closed","ping_status":"closed","template":"","meta":{"footnotes":""},"class_list":["post-1242","page","type-page","status-publish","hentry"],"_links":{"self":[{"href":"https:\/\/iwa-org.com\/en\/wp-json\/wp\/v2\/pages\/1242","targetHints":{"allow":["GET"]}}],"collection":[{"href":"https:\/\/iwa-org.com\/en\/wp-json\/wp\/v2\/pages"}],"about":[{"href":"https:\/\/iwa-org.com\/en\/wp-json\/wp\/v2\/types\/page"}],"author":[{"embeddable":true,"href":"https:\/\/iwa-org.com\/en\/wp-json\/wp\/v2\/users\/1"}],"replies":[{"embeddable":true,"href":"https:\/\/iwa-org.com\/en\/wp-json\/wp\/v2\/comments?post=1242"}],"version-history":[{"count":49,"href":"https:\/\/iwa-org.com\/en\/wp-json\/wp\/v2\/pages\/1242\/revisions"}],"predecessor-version":[{"id":1817,"href":"https:\/\/iwa-org.com\/en\/wp-json\/wp\/v2\/pages\/1242\/revisions\/1817"}],"up":[{"embeddable":true,"href":"https:\/\/iwa-org.com\/en\/wp-json\/wp\/v2\/pages\/50"}],"wp:attachment":[{"href":"https:\/\/iwa-org.com\/en\/wp-json\/wp\/v2\/media?parent=1242"}],"curies":[{"name":"wp","href":"https:\/\/api.w.org\/{rel}","templated":true}]}}