{"id":1181,"date":"2025-09-01T17:11:11","date_gmt":"2025-09-01T17:11:11","guid":{"rendered":"https:\/\/iwa-org.com\/?page_id=1181"},"modified":"2025-09-05T16:12:25","modified_gmt":"2025-09-05T16:12:25","slug":"actions-educatives","status":"publish","type":"page","link":"https:\/\/iwa-org.com\/en\/initiatives-phares\/actions-educatives\/","title":{"rendered":"Educational activities"},"content":{"rendered":"<div data-elementor-type=\"wp-page\" data-elementor-id=\"1181\" class=\"elementor elementor-1181\" data-elementor-post-type=\"page\">\n\t\t\t\t<div class=\"elementor-element elementor-element-987ff58 e-flex e-con-boxed e-con e-parent\" data-id=\"987ff58\" data-element_type=\"container\" data-settings=\"{&quot;background_background&quot;:&quot;classic&quot;}\">\n\t\t\t\t\t<div class=\"e-con-inner\">\n\t\t<div class=\"elementor-element elementor-element-d6c4fff e-con-full e-flex e-con e-child\" data-id=\"d6c4fff\" data-element_type=\"container\">\n\t\t\t\t<div class=\"elementor-element elementor-element-6c42604 elementor-widget elementor-widget-heading\" data-id=\"6c42604\" data-element_type=\"widget\" data-widget_type=\"heading.default\">\n\t\t\t\t\t<h1 class=\"elementor-heading-title elementor-size-default\">Educational activities<\/h1>\t\t\t\t<\/div>\n\t\t\t\t<div class=\"elementor-element elementor-element-90ae4c5 iwa-breadcumb elementor-widget elementor-widget-shortcode\" data-id=\"90ae4c5\" data-element_type=\"widget\" data-widget_type=\"shortcode.default\">\n\t\t\t\t\t\t\t<div class=\"elementor-shortcode\"><nav aria-label=\"breadcrumbs\" class=\"rank-math-breadcrumb\"><p><span class=\"last\">Home<\/span><\/p><\/nav><\/div>\n\t\t\t\t\t\t<\/div>\n\t\t\t\t<\/div>\n\t\t\t\t\t<\/div>\n\t\t\t\t<\/div>\n\t\t<div class=\"elementor-element elementor-element-a870c93 e-flex e-con-boxed e-con e-parent\" data-id=\"a870c93\" data-element_type=\"container\">\n\t\t\t\t\t<div class=\"e-con-inner\">\n\t\t<div class=\"elementor-element elementor-element-ff79335 e-con-full e-flex e-con e-child\" data-id=\"ff79335\" data-element_type=\"container\">\n\t\t<div class=\"elementor-element elementor-element-48fd659 e-flex e-con-boxed e-con e-child\" data-id=\"48fd659\" data-element_type=\"container\" data-settings=\"{&quot;background_background&quot;:&quot;classic&quot;}\">\n\t\t\t\t\t<div class=\"e-con-inner\">\n\t\t\t\t<div class=\"elementor-element elementor-element-fa592a9 elementor-widget elementor-widget-text-editor\" data-id=\"fa592a9\" data-element_type=\"widget\" data-widget_type=\"text-editor.default\">\n\t\t\t\t\t\t\t\t\t<p>We believe that education is essential to breaking cycles of vulnerability and opening up opportunities for the future. Our educational initiatives aim to inform, prevent, and support young people in their academic and professional careers.<\/p>\t\t\t\t\t\t\t\t<\/div>\n\t\t\t\t<div class=\"elementor-element elementor-element-fb6d769 elementor-widget elementor-widget-image\" data-id=\"fb6d769\" data-element_type=\"widget\" data-widget_type=\"image.default\">\n\t\t\t\t\t\t\t\t\t\t\t\t\t\t\t<img fetchpriority=\"high\" decoding=\"async\" width=\"500\" height=\"500\" src=\"https:\/\/iwa-org.com\/wp-content\/uploads\/2025\/08\/education_jeunesse.jpg\" class=\"attachment-large size-large wp-image-419\" alt=\"\" srcset=\"https:\/\/iwa-org.com\/wp-content\/uploads\/2025\/08\/education_jeunesse.jpg 500w, https:\/\/iwa-org.com\/wp-content\/uploads\/2025\/08\/education_jeunesse-300x300.jpg 300w, https:\/\/iwa-org.com\/wp-content\/uploads\/2025\/08\/education_jeunesse-150x150.jpg 150w, https:\/\/iwa-org.com\/wp-content\/uploads\/2025\/08\/education_jeunesse-12x12.jpg 12w\" sizes=\"(max-width: 500px) 100vw, 500px\" \/>\t\t\t\t\t\t\t\t\t\t\t\t\t\t\t<\/div>\n\t\t\t\t\t<\/div>\n\t\t\t\t<\/div>\n\t\t\t\t<\/div>\n\t\t<div class=\"elementor-element elementor-element-24d5dce e-con-full e-flex e-con e-child\" data-id=\"24d5dce\" data-element_type=\"container\">\n\t\t<div class=\"elementor-element elementor-element-cdcc6bf e-con-full e-flex e-con e-child\" data-id=\"cdcc6bf\" data-element_type=\"container\" data-settings=\"{&quot;background_background&quot;:&quot;classic&quot;}\">\n\t\t\t\t<div class=\"elementor-element elementor-element-6926ed0 elementor-widget elementor-widget-heading\" data-id=\"6926ed0\" data-element_type=\"widget\" data-widget_type=\"heading.default\">\n\t\t\t\t\t<h2 class=\"elementor-heading-title elementor-size-default\">Awareness campaigns<\/h2>\t\t\t\t<\/div>\n\t\t\t\t<div class=\"elementor-element elementor-element-c7f964c elementor-widget elementor-widget-text-editor\" data-id=\"c7f964c\" data-element_type=\"widget\" data-widget_type=\"text-editor.default\">\n\t\t\t\t\t\t\t\t\t<p>We run awareness campaigns in schools to support young people on sensitive and crucial issues:<\/p>\t\t\t\t\t\t\t\t<\/div>\n\t\t\t\t<div class=\"elementor-element elementor-element-834e7b0 elementor-icon-list--layout-traditional elementor-list-item-link-full_width elementor-widget elementor-widget-icon-list\" data-id=\"834e7b0\" data-element_type=\"widget\" data-widget_type=\"icon-list.default\">\n\t\t\t\t\t\t\t<ul class=\"elementor-icon-list-items\">\n\t\t\t\t\t\t\t<li class=\"elementor-icon-list-item\">\n\t\t\t\t\t\t\t\t\t\t\t<span class=\"elementor-icon-list-icon\">\n\t\t\t\t\t\t\t<svg xmlns=\"http:\/\/www.w3.org\/2000\/svg\" id=\"Bold\" viewbox=\"0 0 24 24\" width=\"512\" height=\"512\"><path d=\"M15.75,9.525,11.164,4.939A1.5,1.5,0,0,0,9.043,7.061l4.586,4.585a.5.5,0,0,1,0,.708L9.043,16.939a1.5,1.5,0,0,0,2.121,2.122l4.586-4.586A3.505,3.505,0,0,0,15.75,9.525Z\"><\/path><\/svg>\t\t\t\t\t\t<\/span>\n\t\t\t\t\t\t\t\t\t\t<span class=\"elementor-icon-list-text\">Understanding the risks associated with early sexual activity.<\/span>\n\t\t\t\t\t\t\t\t\t<\/li>\n\t\t\t\t\t\t\t\t<li class=\"elementor-icon-list-item\">\n\t\t\t\t\t\t\t\t\t\t\t<span class=\"elementor-icon-list-icon\">\n\t\t\t\t\t\t\t<svg xmlns=\"http:\/\/www.w3.org\/2000\/svg\" id=\"Bold\" viewbox=\"0 0 24 24\" width=\"512\" height=\"512\"><path d=\"M15.75,9.525,11.164,4.939A1.5,1.5,0,0,0,9.043,7.061l4.586,4.585a.5.5,0,0,1,0,.708L9.043,16.939a1.5,1.5,0,0,0,2.121,2.122l4.586-4.586A3.505,3.505,0,0,0,15.75,9.525Z\"><\/path><\/svg>\t\t\t\t\t\t<\/span>\n\t\t\t\t\t\t\t\t\t\t<span class=\"elementor-icon-list-text\">Prevention of unprepared motherhood and parenthood.<\/span>\n\t\t\t\t\t\t\t\t\t<\/li>\n\t\t\t\t\t\t<\/ul>\n\t\t\t\t\t\t<\/div>\n\t\t\t\t<div class=\"elementor-element elementor-element-d8b7662 elementor-widget elementor-widget-text-editor\" data-id=\"d8b7662\" data-element_type=\"widget\" data-widget_type=\"text-editor.default\">\n\t\t\t\t\t\t\t\t\t<p>These sessions are led by experts (doctors, educators, psychologists) and promote an atmosphere of open discussion and trust.<\/p>\t\t\t\t\t\t\t\t<\/div>\n\t\t\t\t<\/div>\n\t\t<div class=\"elementor-element elementor-element-478f518 e-con-full e-flex e-con e-child\" data-id=\"478f518\" data-element_type=\"container\" data-settings=\"{&quot;background_background&quot;:&quot;classic&quot;}\">\n\t\t\t\t<div class=\"elementor-element elementor-element-4aefad5 elementor-widget elementor-widget-heading\" data-id=\"4aefad5\" data-element_type=\"widget\" data-widget_type=\"heading.default\">\n\t\t\t\t\t<h2 class=\"elementor-heading-title elementor-size-default\">Workshops for the future<\/h2>\t\t\t\t<\/div>\n\t\t\t\t<div class=\"elementor-element elementor-element-5dd866a elementor-widget elementor-widget-text-editor\" data-id=\"5dd866a\" data-element_type=\"widget\" data-widget_type=\"text-editor.default\">\n\t\t\t\t\t\t\t\t\t<p>We run awareness campaigns in schools to support young people on sensitive and crucial issues:<\/p>\t\t\t\t\t\t\t\t<\/div>\n\t\t\t\t<div class=\"elementor-element elementor-element-06bdd42 elementor-icon-list--layout-traditional elementor-list-item-link-full_width elementor-widget elementor-widget-icon-list\" data-id=\"06bdd42\" data-element_type=\"widget\" data-widget_type=\"icon-list.default\">\n\t\t\t\t\t\t\t<ul class=\"elementor-icon-list-items\">\n\t\t\t\t\t\t\t<li class=\"elementor-icon-list-item\">\n\t\t\t\t\t\t\t\t\t\t\t<span class=\"elementor-icon-list-icon\">\n\t\t\t\t\t\t\t<svg xmlns=\"http:\/\/www.w3.org\/2000\/svg\" id=\"Bold\" viewbox=\"0 0 24 24\" width=\"512\" height=\"512\"><path d=\"M15.75,9.525,11.164,4.939A1.5,1.5,0,0,0,9.043,7.061l4.586,4.585a.5.5,0,0,1,0,.708L9.043,16.939a1.5,1.5,0,0,0,2.121,2.122l4.586-4.586A3.505,3.505,0,0,0,15.75,9.525Z\"><\/path><\/svg>\t\t\t\t\t\t<\/span>\n\t\t\t\t\t\t\t\t\t\t<span class=\"elementor-icon-list-text\">CV and cover letter workshops<\/span>\n\t\t\t\t\t\t\t\t\t<\/li>\n\t\t\t\t\t\t\t\t<li class=\"elementor-icon-list-item\">\n\t\t\t\t\t\t\t\t\t\t\t<span class=\"elementor-icon-list-icon\">\n\t\t\t\t\t\t\t<svg xmlns=\"http:\/\/www.w3.org\/2000\/svg\" id=\"Bold\" viewbox=\"0 0 24 24\" width=\"512\" height=\"512\"><path d=\"M15.75,9.525,11.164,4.939A1.5,1.5,0,0,0,9.043,7.061l4.586,4.585a.5.5,0,0,1,0,.708L9.043,16.939a1.5,1.5,0,0,0,2.121,2.122l4.586-4.586A3.505,3.505,0,0,0,15.75,9.525Z\"><\/path><\/svg>\t\t\t\t\t\t<\/span>\n\t\t\t\t\t\t\t\t\t\t<span class=\"elementor-icon-list-text\">Practical exercises to prepare for interviews<\/span>\n\t\t\t\t\t\t\t\t\t<\/li>\n\t\t\t\t\t\t<\/ul>\n\t\t\t\t\t\t<\/div>\n\t\t\t\t<div class=\"elementor-element elementor-element-e742217 elementor-widget elementor-widget-text-editor\" data-id=\"e742217\" data-element_type=\"widget\" data-widget_type=\"text-editor.default\">\n\t\t\t\t\t\t\t\t\t<p data-start=\"1498\" data-end=\"1602\">Objective: to give every young person the tools and confidence they need to chart their own course.<\/p>\t\t\t\t\t\t\t\t<\/div>\n\t\t\t\t<\/div>\n\t\t<div class=\"elementor-element elementor-element-f5eca9b e-con-full elementor-hidden-desktop elementor-hidden-tablet elementor-hidden-mobile e-flex e-con e-child\" data-id=\"f5eca9b\" data-element_type=\"container\" data-settings=\"{&quot;background_background&quot;:&quot;classic&quot;}\">\n\t\t\t\t<div class=\"elementor-element elementor-element-62aaf8c elementor-widget elementor-widget-image\" data-id=\"62aaf8c\" data-element_type=\"widget\" data-widget_type=\"image.default\">\n\t\t\t\t\t\t\t\t\t\t\t\t\t\t\t<img fetchpriority=\"high\" decoding=\"async\" width=\"500\" height=\"500\" src=\"https:\/\/iwa-org.com\/wp-content\/uploads\/2025\/08\/education_jeunesse.jpg\" class=\"attachment-large size-large wp-image-419\" alt=\"\" srcset=\"https:\/\/iwa-org.com\/wp-content\/uploads\/2025\/08\/education_jeunesse.jpg 500w, https:\/\/iwa-org.com\/wp-content\/uploads\/2025\/08\/education_jeunesse-300x300.jpg 300w, https:\/\/iwa-org.com\/wp-content\/uploads\/2025\/08\/education_jeunesse-150x150.jpg 150w, https:\/\/iwa-org.com\/wp-content\/uploads\/2025\/08\/education_jeunesse-12x12.jpg 12w\" sizes=\"(max-width: 500px) 100vw, 500px\" \/>\t\t\t\t\t\t\t\t\t\t\t\t\t\t\t<\/div>\n\t\t\t\t<\/div>\n\t\t\t\t<\/div>\n\t\t\t\t\t<\/div>\n\t\t\t\t<\/div>\n\t\t\t\t<\/div>","protected":false},"excerpt":{"rendered":"<p>Actions \u00e9ducatives Nous croyons que l\u2019\u00e9ducation est une cl\u00e9 essentielle pour briser les cycles de vuln\u00e9rabilit\u00e9 et ouvrir des perspectives d\u2019avenir. Nos actions \u00e9ducatives visent \u00e0 informer, pr\u00e9venir et accompagner les jeunes dans leur parcours scolaire et professionnel. Campagnes de sensibilisation Nous menons des campagnes de sensibilisation dans les \u00e9coles afin d\u2019accompagner les jeunes sur [&hellip;]<\/p>\n","protected":false},"author":1,"featured_media":0,"parent":50,"menu_order":0,"comment_status":"closed","ping_status":"closed","template":"","meta":{"footnotes":""},"class_list":["post-1181","page","type-page","status-publish","hentry"],"_links":{"self":[{"href":"https:\/\/iwa-org.com\/en\/wp-json\/wp\/v2\/pages\/1181","targetHints":{"allow":["GET"]}}],"collection":[{"href":"https:\/\/iwa-org.com\/en\/wp-json\/wp\/v2\/pages"}],"about":[{"href":"https:\/\/iwa-org.com\/en\/wp-json\/wp\/v2\/types\/page"}],"author":[{"embeddable":true,"href":"https:\/\/iwa-org.com\/en\/wp-json\/wp\/v2\/users\/1"}],"replies":[{"embeddable":true,"href":"https:\/\/iwa-org.com\/en\/wp-json\/wp\/v2\/comments?post=1181"}],"version-history":[{"count":49,"href":"https:\/\/iwa-org.com\/en\/wp-json\/wp\/v2\/pages\/1181\/revisions"}],"predecessor-version":[{"id":1829,"href":"https:\/\/iwa-org.com\/en\/wp-json\/wp\/v2\/pages\/1181\/revisions\/1829"}],"up":[{"embeddable":true,"href":"https:\/\/iwa-org.com\/en\/wp-json\/wp\/v2\/pages\/50"}],"wp:attachment":[{"href":"https:\/\/iwa-org.com\/en\/wp-json\/wp\/v2\/media?parent=1181"}],"curies":[{"name":"wp","href":"https:\/\/api.w.org\/{rel}","templated":true}]}}