{"id":1156,"date":"2025-09-01T16:31:47","date_gmt":"2025-09-01T16:31:47","guid":{"rendered":"https:\/\/iwa-org.com\/?page_id=1156"},"modified":"2025-09-05T16:03:57","modified_gmt":"2025-09-05T16:03:57","slug":"le-cercle-humaniste-en-faveur-de-la-cooperation-internationale","status":"publish","type":"page","link":"https:\/\/iwa-org.com\/en\/initiatives-phares\/le-cercle-humaniste-en-faveur-de-la-cooperation-internationale\/","title":{"rendered":"The Humanist Circle for International Cooperation"},"content":{"rendered":"<div data-elementor-type=\"wp-page\" data-elementor-id=\"1156\" class=\"elementor elementor-1156\" data-elementor-post-type=\"page\">\n\t\t\t\t<div class=\"elementor-element elementor-element-0004a7d e-flex e-con-boxed e-con e-parent\" data-id=\"0004a7d\" data-element_type=\"container\" data-settings=\"{&quot;background_background&quot;:&quot;classic&quot;}\">\n\t\t\t\t\t<div class=\"e-con-inner\">\n\t\t<div class=\"elementor-element elementor-element-fcf8d3c e-con-full e-flex e-con e-child\" data-id=\"fcf8d3c\" data-element_type=\"container\">\n\t\t\t\t<div class=\"elementor-element elementor-element-8ca3dce elementor-widget elementor-widget-heading\" data-id=\"8ca3dce\" data-element_type=\"widget\" data-widget_type=\"heading.default\">\n\t\t\t\t\t<h1 class=\"elementor-heading-title elementor-size-default\">The Humanist Circle for International Cooperation <\/h1>\t\t\t\t<\/div>\n\t\t\t\t<div class=\"elementor-element elementor-element-774c880 iwa-breadcumb elementor-widget elementor-widget-shortcode\" data-id=\"774c880\" data-element_type=\"widget\" data-widget_type=\"shortcode.default\">\n\t\t\t\t\t\t\t<div class=\"elementor-shortcode\"><nav aria-label=\"breadcrumbs\" class=\"rank-math-breadcrumb\"><p><span class=\"last\">Home<\/span><\/p><\/nav><\/div>\n\t\t\t\t\t\t<\/div>\n\t\t\t\t<\/div>\n\t\t\t\t\t<\/div>\n\t\t\t\t<\/div>\n\t\t<div class=\"elementor-element elementor-element-6a286a7 e-flex e-con-boxed e-con e-parent\" data-id=\"6a286a7\" data-element_type=\"container\">\n\t\t\t\t\t<div class=\"e-con-inner\">\n\t\t<div class=\"elementor-element elementor-element-3ad6946 e-con-full e-flex e-con e-child\" data-id=\"3ad6946\" data-element_type=\"container\">\n\t\t<div class=\"elementor-element elementor-element-5464e28 e-con-full e-flex e-con e-child\" data-id=\"5464e28\" data-element_type=\"container\" data-settings=\"{&quot;background_background&quot;:&quot;classic&quot;}\">\n\t\t\t\t<div class=\"elementor-element elementor-element-16a398c elementor-widget elementor-widget-text-editor\" data-id=\"16a398c\" data-element_type=\"widget\" data-widget_type=\"text-editor.default\">\n\t\t\t\t\t\t\t\t\t<p class=\"translation-block\">The Humanist Circle for International Cooperation (C.H.C.I.) <\/b><span style=\"font-weight: 400\"> is a forum for reflection and action dedicated to strengthening international cooperation, with a particular focus on dialogue and synergies between <\/span><b>Europe and Africa<\/b><span style=\"font-weight: 400\">.<\/p><p class=\"translation-block\">Our ambition is to build strong and lasting bridges between territories, institutional actors, and civil society in order to foster international cooperation that combines humanism, solidarity, and concrete impact.<\/p><p><span style=\"font-weight: 400;\">The C.H.C.I. is based on a common set of values:<\/span><\/p>\t\t\t\t\t\t\t\t<\/div>\n\t\t\t\t<div class=\"elementor-element elementor-element-9da2a90 elementor-icon-list--layout-traditional elementor-list-item-link-full_width elementor-widget elementor-widget-icon-list\" data-id=\"9da2a90\" data-element_type=\"widget\" data-widget_type=\"icon-list.default\">\n\t\t\t\t\t\t\t<ul class=\"elementor-icon-list-items\">\n\t\t\t\t\t\t\t<li class=\"elementor-icon-list-item\">\n\t\t\t\t\t\t\t\t\t\t\t<span class=\"elementor-icon-list-icon\">\n\t\t\t\t\t\t\t<svg xmlns=\"http:\/\/www.w3.org\/2000\/svg\" id=\"Bold\" viewbox=\"0 0 24 24\" width=\"512\" height=\"512\"><path d=\"M15.75,9.525,11.164,4.939A1.5,1.5,0,0,0,9.043,7.061l4.586,4.585a.5.5,0,0,1,0,.708L9.043,16.939a1.5,1.5,0,0,0,2.121,2.122l4.586-4.586A3.505,3.505,0,0,0,15.75,9.525Z\"><\/path><\/svg>\t\t\t\t\t\t<\/span>\n\t\t\t\t\t\t\t\t\t\t<span class=\"elementor-icon-list-text\">des <strong> win-win partnerships<\/strong>,<\/span>\n\t\t\t\t\t\t\t\t\t<\/li>\n\t\t\t\t\t\t\t\t<li class=\"elementor-icon-list-item\">\n\t\t\t\t\t\t\t\t\t\t\t<span class=\"elementor-icon-list-icon\">\n\t\t\t\t\t\t\t<svg xmlns=\"http:\/\/www.w3.org\/2000\/svg\" id=\"Bold\" viewbox=\"0 0 24 24\" width=\"512\" height=\"512\"><path d=\"M15.75,9.525,11.164,4.939A1.5,1.5,0,0,0,9.043,7.061l4.586,4.585a.5.5,0,0,1,0,.708L9.043,16.939a1.5,1.5,0,0,0,2.121,2.122l4.586-4.586A3.505,3.505,0,0,0,15.75,9.525Z\"><\/path><\/svg>\t\t\t\t\t\t<\/span>\n\t\t\t\t\t\t\t\t\t\t<span class=\"elementor-icon-list-text\">la <strong>peace and dialogue<\/strong> between peoples,<\/span>\n\t\t\t\t\t\t\t\t\t<\/li>\n\t\t\t\t\t\t\t\t<li class=\"elementor-icon-list-item\">\n\t\t\t\t\t\t\t\t\t\t\t<span class=\"elementor-icon-list-icon\">\n\t\t\t\t\t\t\t<svg xmlns=\"http:\/\/www.w3.org\/2000\/svg\" id=\"Bold\" viewbox=\"0 0 24 24\" width=\"512\" height=\"512\"><path d=\"M15.75,9.525,11.164,4.939A1.5,1.5,0,0,0,9.043,7.061l4.586,4.585a.5.5,0,0,1,0,.708L9.043,16.939a1.5,1.5,0,0,0,2.121,2.122l4.586-4.586A3.505,3.505,0,0,0,15.75,9.525Z\"><\/path><\/svg>\t\t\t\t\t\t<\/span>\n\t\t\t\t\t\t\t\t\t\t<span class=\"elementor-icon-list-text\">le <strong>respect for humanistic principles,<\/strong><\/span>\n\t\t\t\t\t\t\t\t\t<\/li>\n\t\t\t\t\t\t\t\t<li class=\"elementor-icon-list-item\">\n\t\t\t\t\t\t\t\t\t\t\t<span class=\"elementor-icon-list-icon\">\n\t\t\t\t\t\t\t<svg xmlns=\"http:\/\/www.w3.org\/2000\/svg\" id=\"Bold\" viewbox=\"0 0 24 24\" width=\"512\" height=\"512\"><path d=\"M15.75,9.525,11.164,4.939A1.5,1.5,0,0,0,9.043,7.061l4.586,4.585a.5.5,0,0,1,0,.708L9.043,16.939a1.5,1.5,0,0,0,2.121,2.122l4.586-4.586A3.505,3.505,0,0,0,15.75,9.525Z\"><\/path><\/svg>\t\t\t\t\t\t<\/span>\n\t\t\t\t\t\t\t\t\t\t<span class=\"elementor-icon-list-text\">la <strong>environmental preservation<\/strong> as a lever for sustainable development.<\/span>\n\t\t\t\t\t\t\t\t\t<\/li>\n\t\t\t\t\t\t<\/ul>\n\t\t\t\t\t\t<\/div>\n\t\t\t\t<div class=\"elementor-element elementor-element-461da94 elementor-widget elementor-widget-text-editor\" data-id=\"461da94\" data-element_type=\"widget\" data-widget_type=\"text-editor.default\">\n\t\t\t\t\t\t\t\t\t<p class=\"translation-block\"><span style=\"font-weight: 400\">Through its sectoral groups, initiatives, and discussions, the C.H.C.I. aspires to become a <\/span><b>laboratory of ideas and actions<\/b><span style=\"font-weight: 400\"> in the service of a reimagined international cooperation, where Europe and Africa move forward together, while remaining connected to the rest of the world.<\/span><\/p>\t\t\t\t\t\t\t\t<\/div>\n\t\t\t\t<div class=\"elementor-element elementor-element-e40578e elementor-hidden-desktop elementor-hidden-tablet elementor-hidden-mobile elementor-widget elementor-widget-button\" data-id=\"e40578e\" data-element_type=\"widget\" data-widget_type=\"button.default\">\n\t\t\t\t\t\t\t\t\t\t<a class=\"elementor-button elementor-button-link elementor-size-sm\" href=\"#\">\n\t\t\t\t\t\t<span class=\"elementor-button-content-wrapper\">\n\t\t\t\t\t\t\t\t\t<span class=\"elementor-button-text\">Soumettre ma candidature<\/span>\n\t\t\t\t\t<\/span>\n\t\t\t\t\t<\/a>\n\t\t\t\t\t\t\t\t<\/div>\n\t\t\t\t<\/div>\n\t\t<div class=\"elementor-element elementor-element-cfcd10b e-con-full e-flex e-con e-child\" data-id=\"cfcd10b\" data-element_type=\"container\" data-settings=\"{&quot;background_background&quot;:&quot;classic&quot;}\">\n\t\t\t\t<div class=\"elementor-element elementor-element-2afbfbf elementor-widget elementor-widget-image\" data-id=\"2afbfbf\" data-element_type=\"widget\" data-widget_type=\"image.default\">\n\t\t\t\t\t\t\t\t\t\t\t\t\t\t\t<img fetchpriority=\"high\" decoding=\"async\" width=\"800\" height=\"800\" src=\"https:\/\/iwa-org.com\/wp-content\/uploads\/2025\/08\/Logo-CHCI-FINAL_cr.png\" class=\"attachment-large size-large wp-image-617\" alt=\"\" srcset=\"https:\/\/iwa-org.com\/wp-content\/uploads\/2025\/08\/Logo-CHCI-FINAL_cr.png 924w, https:\/\/iwa-org.com\/wp-content\/uploads\/2025\/08\/Logo-CHCI-FINAL_cr-300x300.png 300w, https:\/\/iwa-org.com\/wp-content\/uploads\/2025\/08\/Logo-CHCI-FINAL_cr-150x150.png 150w, https:\/\/iwa-org.com\/wp-content\/uploads\/2025\/08\/Logo-CHCI-FINAL_cr-768x768.png 768w, https:\/\/iwa-org.com\/wp-content\/uploads\/2025\/08\/Logo-CHCI-FINAL_cr-12x12.png 12w\" sizes=\"(max-width: 800px) 100vw, 800px\" \/>\t\t\t\t\t\t\t\t\t\t\t\t\t\t\t<\/div>\n\t\t\t\t<\/div>\n\t\t\t\t<\/div>\n\t\t\t\t\t<\/div>\n\t\t\t\t<\/div>\n\t\t\t\t<\/div>","protected":false},"excerpt":{"rendered":"<p>Le Cercle Humaniste en faveur de la Coop\u00e9ration Internationale Le Cercle Humaniste en faveur de la Coop\u00e9ration Internationale (C.H.C.I.) est un espace de r\u00e9flexion et d\u2019action d\u00e9di\u00e9 au renforcement des dynamiques de coop\u00e9ration internationale, avec une attention particuli\u00e8re port\u00e9e au dialogue et aux synergies entre l\u2019Europe et l\u2019Afrique. Notre ambition est de cr\u00e9er des ponts [&hellip;]<\/p>\n","protected":false},"author":1,"featured_media":0,"parent":50,"menu_order":0,"comment_status":"closed","ping_status":"closed","template":"","meta":{"footnotes":""},"class_list":["post-1156","page","type-page","status-publish","hentry"],"_links":{"self":[{"href":"https:\/\/iwa-org.com\/en\/wp-json\/wp\/v2\/pages\/1156","targetHints":{"allow":["GET"]}}],"collection":[{"href":"https:\/\/iwa-org.com\/en\/wp-json\/wp\/v2\/pages"}],"about":[{"href":"https:\/\/iwa-org.com\/en\/wp-json\/wp\/v2\/types\/page"}],"author":[{"embeddable":true,"href":"https:\/\/iwa-org.com\/en\/wp-json\/wp\/v2\/users\/1"}],"replies":[{"embeddable":true,"href":"https:\/\/iwa-org.com\/en\/wp-json\/wp\/v2\/comments?post=1156"}],"version-history":[{"count":25,"href":"https:\/\/iwa-org.com\/en\/wp-json\/wp\/v2\/pages\/1156\/revisions"}],"predecessor-version":[{"id":1826,"href":"https:\/\/iwa-org.com\/en\/wp-json\/wp\/v2\/pages\/1156\/revisions\/1826"}],"up":[{"embeddable":true,"href":"https:\/\/iwa-org.com\/en\/wp-json\/wp\/v2\/pages\/50"}],"wp:attachment":[{"href":"https:\/\/iwa-org.com\/en\/wp-json\/wp\/v2\/media?parent=1156"}],"curies":[{"name":"wp","href":"https:\/\/api.w.org\/{rel}","templated":true}]}}