{"id":1134,"date":"2025-09-01T16:13:32","date_gmt":"2025-09-01T16:13:32","guid":{"rendered":"https:\/\/iwa-org.com\/?page_id=1134"},"modified":"2026-03-28T19:54:32","modified_gmt":"2026-03-28T19:54:32","slug":"women-shaping-diplomacy","status":"publish","type":"page","link":"https:\/\/iwa-org.com\/en\/initiatives-phares\/women-shaping-diplomacy\/","title":{"rendered":"Women Shaping Diplomacy"},"content":{"rendered":"<div data-elementor-type=\"wp-page\" data-elementor-id=\"1134\" class=\"elementor elementor-1134\" data-elementor-post-type=\"page\">\n\t\t\t\t<div class=\"elementor-element elementor-element-435f4ee e-flex e-con-boxed e-con e-parent\" data-id=\"435f4ee\" data-element_type=\"container\" data-settings=\"{&quot;background_background&quot;:&quot;classic&quot;}\">\n\t\t\t\t\t<div class=\"e-con-inner\">\n\t\t<div class=\"elementor-element elementor-element-438800f e-con-full e-flex e-con e-child\" data-id=\"438800f\" data-element_type=\"container\">\n\t\t\t\t<div class=\"elementor-element elementor-element-0b826e1 elementor-widget elementor-widget-heading\" data-id=\"0b826e1\" data-element_type=\"widget\" data-widget_type=\"heading.default\">\n\t\t\t\t\t<h1 class=\"elementor-heading-title elementor-size-default\">Women Shaping Diplomacy<\/h1>\t\t\t\t<\/div>\n\t\t\t\t<div class=\"elementor-element elementor-element-03c2889 iwa-breadcumb elementor-widget elementor-widget-shortcode\" data-id=\"03c2889\" data-element_type=\"widget\" data-widget_type=\"shortcode.default\">\n\t\t\t\t\t\t\t<div class=\"elementor-shortcode\"><nav aria-label=\"breadcrumbs\" class=\"rank-math-breadcrumb\"><p><span class=\"last\">Home<\/span><\/p><\/nav><\/div>\n\t\t\t\t\t\t<\/div>\n\t\t\t\t<\/div>\n\t\t\t\t\t<\/div>\n\t\t\t\t<\/div>\n\t\t<div class=\"elementor-element elementor-element-546f754 e-flex e-con-boxed e-con e-parent\" data-id=\"546f754\" data-element_type=\"container\">\n\t\t\t\t\t<div class=\"e-con-inner\">\n\t\t<div class=\"elementor-element elementor-element-aacf531 e-con-full e-flex e-con e-child\" data-id=\"aacf531\" data-element_type=\"container\">\n\t\t<div class=\"elementor-element elementor-element-28559ef e-con-full e-flex e-con e-child\" data-id=\"28559ef\" data-element_type=\"container\" data-settings=\"{&quot;background_background&quot;:&quot;classic&quot;}\">\n\t\t\t\t<div class=\"elementor-element elementor-element-5eb4cfb elementor-widget elementor-widget-heading\" data-id=\"5eb4cfb\" data-element_type=\"widget\" data-widget_type=\"heading.default\">\n\t\t\t\t\t<h2 class=\"elementor-heading-title elementor-size-default\">Women Shaping Diplomacy (WSD Initiative)<\/h2>\t\t\t\t<\/div>\n\t\t\t\t<div class=\"elementor-element elementor-element-b7667d8 elementor-widget elementor-widget-text-editor\" data-id=\"b7667d8\" data-element_type=\"widget\" data-widget_type=\"text-editor.default\">\n\t\t\t\t\t\t\t\t\t<div class=\"page\" title=\"Page 6\"><div class=\"section\"><div class=\"layoutArea\"><div class=\"column\"><p>Women Shaping Diplomacy (WSD Initiative) est une initiative porte\u0301e par l\u2019association I Will Arise, de\u0301die\u0301e a\u0300 l\u2019amplification des voix fe\u0301minines dans la diplomatie, la coope\u0301ration internationale et le multilate\u0301ralisme.<\/p><p>Face aux de\u0301fis globaux ge\u0301opolitiques, climatiques, se\u0301curitaires, e\u0301conomiques, les femmes, notamment les femmes africaines et issues de la diaspora demeurent encore trop peu pre\u0301sentes dans les espaces de de\u0301cision. Pourtant, elles apportent des perspectives essentielles, des compe\u0301tences ancre\u0301es dans la re\u0301alite\u0301 des territoires et une vision inclusive indispensable pour renouveler les pratiques internationales.<\/p><\/div><\/div><\/div><\/div>\t\t\t\t\t\t\t\t<\/div>\n\t\t\t\t<div class=\"elementor-element elementor-element-2b89f30 elementor-widget elementor-widget-text-editor\" data-id=\"2b89f30\" data-element_type=\"widget\" data-widget_type=\"text-editor.default\">\n\t\t\t\t\t\t\t\t\t<div class=\"page\" title=\"Page 6\"><div class=\"section\"><div class=\"layoutArea\"><div class=\"column\"><div class=\"page\" title=\"Page 6\"><div class=\"section\"><div class=\"layoutArea\"><div class=\"column\"><p>WSD Initiative se veut une plateforme vivante qui se positionne comme:<\/p><div class=\"page\" title=\"Page 6\"><div class=\"section\"><div class=\"layoutArea\"><div class=\"column\"><ul><li>Un espace de dialogue interge\u0301ne\u0301rationnel et intercontinental (Afrique- Monde),<\/li><li>Un lieu d\u2019e\u0301changes d\u2019expe\u0301riences et de pratiques, entre parlementaires, diplomates, experts, socie\u0301te\u0301 civile et jeunes professionnels,<\/li><li>Un cadre institutionnel et cre\u0301dible, ou\u0300 les voix fe\u0301minines s\u2019expriment aux co\u0302te\u0301s de de\u0301cideurs politiques, d\u2019organisations internationales et du secteur prive\u0301,<\/li><li>Un levier de transformation, qui met en avant la diversite\u0301 et l\u2019inclusion non comme un supple\u0301ment, mais comme une condition essentielle de la coope\u0301ration internationale de demain.<\/li><\/ul><\/div><\/div><\/div><\/div><\/div><\/div><\/div><\/div><\/div><\/div><\/div><\/div>\t\t\t\t\t\t\t\t<\/div>\n\t\t\t\t<\/div>\n\t\t<div class=\"elementor-element elementor-element-07ee9d9 e-con-full e-flex e-con e-child\" data-id=\"07ee9d9\" data-element_type=\"container\" data-settings=\"{&quot;background_background&quot;:&quot;classic&quot;}\">\n\t\t\t\t<div class=\"elementor-element elementor-element-460a181 elementor-widget elementor-widget-image\" data-id=\"460a181\" data-element_type=\"widget\" data-widget_type=\"image.default\">\n\t\t\t\t\t\t\t\t\t\t\t\t\t\t\t<img fetchpriority=\"high\" decoding=\"async\" width=\"800\" height=\"363\" src=\"https:\/\/iwa-org.com\/wp-content\/uploads\/2025\/08\/Logo-Women-Shaping-Diplomacy-FINAL_crr-1024x465.png\" class=\"attachment-large size-large wp-image-582\" alt=\"\" srcset=\"https:\/\/iwa-org.com\/wp-content\/uploads\/2025\/08\/Logo-Women-Shaping-Diplomacy-FINAL_crr-1024x465.png 1024w, https:\/\/iwa-org.com\/wp-content\/uploads\/2025\/08\/Logo-Women-Shaping-Diplomacy-FINAL_crr-300x136.png 300w, https:\/\/iwa-org.com\/wp-content\/uploads\/2025\/08\/Logo-Women-Shaping-Diplomacy-FINAL_crr-768x349.png 768w, https:\/\/iwa-org.com\/wp-content\/uploads\/2025\/08\/Logo-Women-Shaping-Diplomacy-FINAL_crr-18x8.png 18w, https:\/\/iwa-org.com\/wp-content\/uploads\/2025\/08\/Logo-Women-Shaping-Diplomacy-FINAL_crr.png 1250w\" sizes=\"(max-width: 800px) 100vw, 800px\" \/>\t\t\t\t\t\t\t\t\t\t\t\t\t\t\t<\/div>\n\t\t\t\t<\/div>\n\t\t\t\t<\/div>\n\t\t<div class=\"elementor-element elementor-element-fd7ba77 e-con-full e-flex e-con e-child\" data-id=\"fd7ba77\" data-element_type=\"container\">\n\t\t<div class=\"elementor-element elementor-element-bbe55da e-con-full e-flex e-con e-child\" data-id=\"bbe55da\" data-element_type=\"container\">\n\t\t<div class=\"elementor-element elementor-element-1cb244e e-con-full e-flex e-con e-child\" data-id=\"1cb244e\" data-element_type=\"container\">\n\t\t\t\t<div class=\"elementor-element elementor-element-9eaac90 elementor-widget__width-auto elementor-view-default elementor-widget elementor-widget-icon\" data-id=\"9eaac90\" data-element_type=\"widget\" data-widget_type=\"icon.default\">\n\t\t\t\t\t\t\t<div class=\"elementor-icon-wrapper\">\n\t\t\t<div class=\"elementor-icon\">\n\t\t\t<svg xmlns=\"http:\/\/www.w3.org\/2000\/svg\" id=\"Layer_1\" data-name=\"Layer 1\" viewbox=\"0 0 24 24\"><path d=\"m10.279,18.342l-.707-.707,5.281-5.281c.094-.095.146-.22.146-.354s-.052-.259-.146-.354l-5.281-5.281.707-.707,5.281,5.281c.283.283.439.66.439,1.061s-.156.777-.439,1.061l-5.281,5.281Z\"><\/path><\/svg>\t\t\t<\/div>\n\t\t<\/div>\n\t\t\t\t\t\t<\/div>\n\t\t\t\t<div class=\"elementor-element elementor-element-1b49afa elementor-widget elementor-widget-heading\" data-id=\"1b49afa\" data-element_type=\"widget\" data-widget_type=\"heading.default\">\n\t\t\t\t\t<h2 class=\"elementor-heading-title elementor-size-default\">Missions<\/h2>\t\t\t\t<\/div>\n\t\t\t\t<\/div>\n\t\t\t\t<div class=\"elementor-element elementor-element-70c278c elementor-icon-list--layout-traditional elementor-list-item-link-full_width elementor-widget elementor-widget-icon-list\" data-id=\"70c278c\" data-element_type=\"widget\" data-widget_type=\"icon-list.default\">\n\t\t\t\t\t\t\t<ul class=\"elementor-icon-list-items\">\n\t\t\t\t\t\t\t<li class=\"elementor-icon-list-item\">\n\t\t\t\t\t\t\t\t\t\t\t<span class=\"elementor-icon-list-icon\">\n\t\t\t\t\t\t\t<svg xmlns=\"http:\/\/www.w3.org\/2000\/svg\" id=\"Outline\" viewbox=\"0 0 24 24\" width=\"512\" height=\"512\"><path d=\"M9,17.88V6.71A1,1,0,0,1,10.71,6l5.58,5.59a1,1,0,0,1,0,1.41l-5.58,5.59A1,1,0,0,1,9,17.88Z\"><\/path><\/svg>\t\t\t\t\t\t<\/span>\n\t\t\t\t\t\t\t\t\t\t<span class=\"elementor-icon-list-text\">Donner la parole \u00e0 des femmes engag\u00e9es dans la diplomatie, la coop\u00e9ration internationale et le multilat\u00e9ralisme.<\/span>\n\t\t\t\t\t\t\t\t\t<\/li>\n\t\t\t\t\t\t\t\t<li class=\"elementor-icon-list-item\">\n\t\t\t\t\t\t\t\t\t\t\t<span class=\"elementor-icon-list-icon\">\n\t\t\t\t\t\t\t<svg xmlns=\"http:\/\/www.w3.org\/2000\/svg\" id=\"Outline\" viewbox=\"0 0 24 24\" width=\"512\" height=\"512\"><path d=\"M9,17.88V6.71A1,1,0,0,1,10.71,6l5.58,5.59a1,1,0,0,1,0,1.41l-5.58,5.59A1,1,0,0,1,9,17.88Z\"><\/path><\/svg>\t\t\t\t\t\t<\/span>\n\t\t\t\t\t\t\t\t\t\t<span class=\"elementor-icon-list-text\">Cr\u00e9er des passerelles Europe\u2013Afrique pour renforcer la compl\u00e9mentarit\u00e9 des visions et des pratiques.<\/span>\n\t\t\t\t\t\t\t\t\t<\/li>\n\t\t\t\t\t\t\t\t<li class=\"elementor-icon-list-item\">\n\t\t\t\t\t\t\t\t\t\t\t<span class=\"elementor-icon-list-icon\">\n\t\t\t\t\t\t\t<svg xmlns=\"http:\/\/www.w3.org\/2000\/svg\" id=\"Outline\" viewbox=\"0 0 24 24\" width=\"512\" height=\"512\"><path d=\"M9,17.88V6.71A1,1,0,0,1,10.71,6l5.58,5.59a1,1,0,0,1,0,1.41l-5.58,5.59A1,1,0,0,1,9,17.88Z\"><\/path><\/svg>\t\t\t\t\t\t<\/span>\n\t\t\t\t\t\t\t\t\t\t<span class=\"elementor-icon-list-text\">Offrir des cl\u00e9s concr\u00e8tes aux nouvelles g\u00e9n\u00e9rations pour acc\u00e9der \u00e0 ces carri\u00e8res exigeantes.<\/span>\n\t\t\t\t\t\t\t\t\t<\/li>\n\t\t\t\t\t\t\t\t<li class=\"elementor-icon-list-item\">\n\t\t\t\t\t\t\t\t\t\t\t<span class=\"elementor-icon-list-icon\">\n\t\t\t\t\t\t\t<svg xmlns=\"http:\/\/www.w3.org\/2000\/svg\" id=\"Outline\" viewbox=\"0 0 24 24\" width=\"512\" height=\"512\"><path d=\"M9,17.88V6.71A1,1,0,0,1,10.71,6l5.58,5.59a1,1,0,0,1,0,1.41l-5.58,5.59A1,1,0,0,1,9,17.88Z\"><\/path><\/svg>\t\t\t\t\t\t<\/span>\n\t\t\t\t\t\t\t\t\t\t<span class=\"elementor-icon-list-text\">Contribuer au plaidoyer pour des politiques nationales et internationales plus repr\u00e9sentatives et efficaces.<\/span>\n\t\t\t\t\t\t\t\t\t<\/li>\n\t\t\t\t\t\t<\/ul>\n\t\t\t\t\t\t<\/div>\n\t\t\t\t<\/div>\n\t\t<div class=\"elementor-element elementor-element-fab5754 e-con-full e-flex e-con e-child\" data-id=\"fab5754\" data-element_type=\"container\">\n\t\t<div class=\"elementor-element elementor-element-07adb3b e-con-full e-flex e-con e-child\" data-id=\"07adb3b\" data-element_type=\"container\">\n\t\t\t\t<div class=\"elementor-element elementor-element-f223b43 elementor-widget__width-auto elementor-view-default elementor-widget elementor-widget-icon\" data-id=\"f223b43\" data-element_type=\"widget\" data-widget_type=\"icon.default\">\n\t\t\t\t\t\t\t<div class=\"elementor-icon-wrapper\">\n\t\t\t<div class=\"elementor-icon\">\n\t\t\t<svg xmlns=\"http:\/\/www.w3.org\/2000\/svg\" id=\"Layer_1\" data-name=\"Layer 1\" viewbox=\"0 0 24 24\"><path d=\"m10.279,18.342l-.707-.707,5.281-5.281c.094-.095.146-.22.146-.354s-.052-.259-.146-.354l-5.281-5.281.707-.707,5.281,5.281c.283.283.439.66.439,1.061s-.156.777-.439,1.061l-5.281,5.281Z\"><\/path><\/svg>\t\t\t<\/div>\n\t\t<\/div>\n\t\t\t\t\t\t<\/div>\n\t\t\t\t<div class=\"elementor-element elementor-element-21b0bfa elementor-widget elementor-widget-heading\" data-id=\"21b0bfa\" data-element_type=\"widget\" data-widget_type=\"heading.default\">\n\t\t\t\t\t<h2 class=\"elementor-heading-title elementor-size-default\">Formats<\/h2>\t\t\t\t<\/div>\n\t\t\t\t<\/div>\n\t\t<div class=\"elementor-element elementor-element-42306cd e-con-full e-flex e-con e-child\" data-id=\"42306cd\" data-element_type=\"container\">\n\t\t<div class=\"elementor-element elementor-element-1e642e0 e-con-full e-flex e-con e-child\" data-id=\"1e642e0\" data-element_type=\"container\" data-settings=\"{&quot;background_background&quot;:&quot;classic&quot;}\">\n\t\t\t\t<div class=\"elementor-element elementor-element-a647fb8 elementor-widget elementor-widget-text-editor\" data-id=\"a647fb8\" data-element_type=\"widget\" data-widget_type=\"text-editor.default\">\n\t\t\t\t\t\t\t\t\t<div class=\"page\" title=\"Page 7\"><div class=\"section\"><div class=\"layoutArea\"><div class=\"column\"><p><strong>Des rencontres (WSD Dialogues)<\/strong>, qui croisent les expe\u0301riences et ge\u0301ne\u0300rent des engagements concrets.<\/p><\/div><\/div><\/div><\/div>\t\t\t\t\t\t\t\t<\/div>\n\t\t\t\t<\/div>\n\t\t<div class=\"elementor-element elementor-element-e13af62 e-con-full e-flex e-con e-child\" data-id=\"e13af62\" data-element_type=\"container\" data-settings=\"{&quot;background_background&quot;:&quot;classic&quot;}\">\n\t\t\t\t<div class=\"elementor-element elementor-element-7b17081 elementor-widget elementor-widget-text-editor\" data-id=\"7b17081\" data-element_type=\"widget\" data-widget_type=\"text-editor.default\">\n\t\t\t\t\t\t\t\t\t<div class=\"page\" title=\"Page 7\"><div class=\"section\"><div class=\"layoutArea\"><div class=\"column\"><div class=\"page\" title=\"Page 7\"><div class=\"section\"><div class=\"layoutArea\"><div class=\"column\"><p><strong>Une plateforme d\u2019e\u0301changes<\/strong> permettant de prolonger ces dialogues au-dela\u0300 des e\u0301ve\u0301nements, et d\u2019en faire un espace vivant d\u2019ide\u0301es, de transmission et de plaidoyer.<\/p><\/div><\/div><\/div><\/div><\/div><\/div><\/div><\/div>\t\t\t\t\t\t\t\t<\/div>\n\t\t\t\t<\/div>\n\t\t<div class=\"elementor-element elementor-element-3f09884 e-con-full e-flex e-con e-child\" data-id=\"3f09884\" data-element_type=\"container\" data-settings=\"{&quot;background_background&quot;:&quot;classic&quot;}\">\n\t\t\t\t<div class=\"elementor-element elementor-element-0ad97ae elementor-widget elementor-widget-text-editor\" data-id=\"0ad97ae\" data-element_type=\"widget\" data-widget_type=\"text-editor.default\">\n\t\t\t\t\t\t\t\t\t<div class=\"page\" title=\"Page 7\"><div class=\"section\"><div class=\"layoutArea\"><div class=\"column\"><div class=\"page\" title=\"Page 7\"><div class=\"section\"><div class=\"layoutArea\"><div class=\"column\"><p>Un <strong>podcast<\/strong> qui explore les relations internationales a\u0300 travers les voix de femmes engage\u0301es sur les grands enjeux africains et mondiaux.<\/p><\/div><\/div><\/div><\/div><\/div><\/div><\/div><\/div>\t\t\t\t\t\t\t\t<\/div>\n\t\t\t\t<div class=\"elementor-element elementor-element-374244e elementor-widget elementor-widget-button\" data-id=\"374244e\" data-element_type=\"widget\" data-widget_type=\"button.default\">\n\t\t\t\t\t\t\t\t\t\t<a class=\"elementor-button elementor-button-link elementor-size-sm\" href=\"https:\/\/iwa-org.com\/en\/initiatives-phares\/women-shaping-diplomacy\/women-shaping-diplomacy-le-podcast\/\">\n\t\t\t\t\t\t<span class=\"elementor-button-content-wrapper\">\n\t\t\t\t\t\t<span class=\"elementor-button-icon\">\n\t\t\t\t<svg xmlns=\"http:\/\/www.w3.org\/2000\/svg\" id=\"Layer_1\" data-name=\"Layer 1\" viewbox=\"0 0 24 24\"><path d=\"M24,13c0,6.065-4.935,11-11,11h-2C4.935,24,0,19.065,0,13H1c0,5.514,4.486,10,10,10h2c5.514,0,10-4.486,10-10h1Zm-20-1v-4C4,3.589,7.589,0,12,0s8,3.589,8,8v4c0,4.411-3.589,8-8,8s-8-3.589-8-8Zm1.295-6h4.705v1H5.08c-.047,.328-.08,.66-.08,1v1.5h5v1H5v1.5c0,.34,.033,.672,.08,1h4.92v1H5.295c.863,2.887,3.541,5,6.705,5s5.842-2.113,6.705-5h-4.705v-1h4.92c.047-.328,.08-.66,.08-1v-1.5h-5v-1h5v-1.5c0-.34-.033-.672-.08-1h-4.92v-1h4.705c-.863-2.888-3.541-5-6.705-5S6.158,3.112,5.295,6Z\"><\/path><\/svg>\t\t\t<\/span>\n\t\t\t\t\t\t\t\t\t<span class=\"elementor-button-text\">Ecouter le Podcast<\/span>\n\t\t\t\t\t<\/span>\n\t\t\t\t\t<\/a>\n\t\t\t\t\t\t\t\t<\/div>\n\t\t\t\t<\/div>\n\t\t\t\t<\/div>\n\t\t\t\t<\/div>\n\t\t\t\t<\/div>\n\t\t\t\t\t<\/div>\n\t\t\t\t<\/div>\n\t\t\t\t<\/div>","protected":false},"excerpt":{"rendered":"<p>Women Shaping Diplomacy Women Shaping Diplomacy (WSD Initiative) Women Shaping Diplomacy (WSD Initiative) est une initiative porte\u0301e par l\u2019association I Will Arise, de\u0301die\u0301e a\u0300 l\u2019amplification des voix fe\u0301minines dans la diplomatie, la coope\u0301ration internationale et le multilate\u0301ralisme. Face aux de\u0301fis globaux ge\u0301opolitiques, climatiques, se\u0301curitaires, e\u0301conomiques, les femmes, notamment les femmes africaines et issues de la [&hellip;]<\/p>\n","protected":false},"author":1,"featured_media":0,"parent":50,"menu_order":0,"comment_status":"closed","ping_status":"closed","template":"","meta":{"footnotes":""},"class_list":["post-1134","page","type-page","status-publish","hentry"],"_links":{"self":[{"href":"https:\/\/iwa-org.com\/en\/wp-json\/wp\/v2\/pages\/1134","targetHints":{"allow":["GET"]}}],"collection":[{"href":"https:\/\/iwa-org.com\/en\/wp-json\/wp\/v2\/pages"}],"about":[{"href":"https:\/\/iwa-org.com\/en\/wp-json\/wp\/v2\/types\/page"}],"author":[{"embeddable":true,"href":"https:\/\/iwa-org.com\/en\/wp-json\/wp\/v2\/users\/1"}],"replies":[{"embeddable":true,"href":"https:\/\/iwa-org.com\/en\/wp-json\/wp\/v2\/comments?post=1134"}],"version-history":[{"count":55,"href":"https:\/\/iwa-org.com\/en\/wp-json\/wp\/v2\/pages\/1134\/revisions"}],"predecessor-version":[{"id":2562,"href":"https:\/\/iwa-org.com\/en\/wp-json\/wp\/v2\/pages\/1134\/revisions\/2562"}],"up":[{"embeddable":true,"href":"https:\/\/iwa-org.com\/en\/wp-json\/wp\/v2\/pages\/50"}],"wp:attachment":[{"href":"https:\/\/iwa-org.com\/en\/wp-json\/wp\/v2\/media?parent=1134"}],"curies":[{"name":"wp","href":"https:\/\/api.w.org\/{rel}","templated":true}]}}